{"id":3748,"date":"2021-09-13T12:12:07","date_gmt":"2021-09-13T12:12:07","guid":{"rendered":"https:\/\/telsamedia.co.uk\/classinstrument\/?post_type=product&#038;p=3748"},"modified":"2022-07-05T14:06:27","modified_gmt":"2022-07-05T14:06:27","slug":"touchstone-1-ultrasonic-thickness-gauge","status":"publish","type":"product","link":"https:\/\/www.classltd.com\/de\/produkt\/prufstein-1-ultraschall-dickenmessgerat-2\/","title":{"rendered":"Touchstone\u2122 1 Ultraschall-Dickenmessger\u00e4t"},"content":{"rendered":"","protected":false},"excerpt":{"rendered":"<p>Das <strong>TOUCHSTONE\u2122 1 <\/strong>ist ein Hochleistungs-UT-Messger\u00e4t. Es ist ein kosteng\u00fcnstiges, einfach zu bedienendes Handdickenmessger\u00e4t, das in den USA oft als \u201eUltraschall-Dickenmessger\u00e4t\u201c bekannt ist.<\/p>\n<p>Es eignet sich f\u00fcr eine Vielzahl von Anwendungen in NDT (Non-Destructive Testing) und ist in der Lage, die meisten technischen Materialien einschlie\u00dflich Kunststoff, Glas, Kupfer, Gusseisen und Aluminium sowie eine Vielzahl von St\u00e4hlen zu messen.<\/p>\n[fusion_button link=\"https:\/\/www.classltd.com\/touchstone-1-ultrasonic-thickness-gauge\/\" text_transform=\"\" title=\"\" target=\"_self\" link_attributes=\"\" alignment_medium=\"\" alignment_small=\"\" alignment=\"\" modal=\"\" hide_on_mobile=\"small-visibility,medium-visibility,large-visibility\" sticky_display=\"normal,sticky\" class=\"\" id=\"\" color=\"custom\" button_gradient_top_color=\"#00235a\" button_gradient_bottom_color=\"#00235a\" button_gradient_top_color_hover=\"\" button_gradient_bottom_color_hover=\"\" accent_color=\"\" accent_hover_color=\"\" type=\"\" bevel_color=\"\" border_width=\"\" border_radius=\"\" border_color=\"\" border_hover_color=\"\" size=\"\" stretch=\"default\" margin_top=\"\" margin_right=\"\" margin_bottom=\"\" margin_left=\"\" icon=\"fa-long-arrow-right fal\" icon_position=\"right\" icon_divider=\"no\" animation_type=\"\" animation_direction=\"left\" animation_speed=\"0.3\" animation_offset=\"\"]Read More Description[\/fusion_button]","protected":false},"featured_media":3749,"template":"","meta":[],"product_brand":[],"product_cat":[49],"product_tag":[],"class_list":{"0":"post-3748","1":"product","2":"type-product","3":"status-publish","4":"has-post-thumbnail","6":"product_cat-products","8":"first","9":"instock","10":"taxable","11":"shipping-taxable","12":"product-type-simple"},"yoast_head":"<!-- This site is optimized with the Yoast SEO plugin v26.9 - https:\/\/yoast.com\/product\/yoast-seo-wordpress\/ -->\r\n<title>Touchstone\u2122 1 Ultrasonic Thickness Gauge - Class Instrumentation Ltd<\/title>\r\n<meta name=\"robots\" content=\"index, follow, max-snippet:-1, max-image-preview:large, max-video-preview:-1\" \/>\r\n<link rel=\"canonical\" href=\"https:\/\/www.classltd.com\/de\/produkt\/prufstein-1-ultraschall-dickenmessgerat-2\/\" \/>\r\n<meta property=\"og:locale\" content=\"de_DE\" \/>\r\n<meta property=\"og:type\" content=\"article\" \/>\r\n<meta property=\"og:title\" content=\"Touchstone\u2122 1 Ultrasonic Thickness Gauge - Class Instrumentation Ltd\" \/>\r\n<meta property=\"og:description\" content=\"The TOUCHSTONE\u2122 1 is a high-performance UT gauge. It is a low cost, simple to use handheld thickness gauge, often known as an \u2018Ultrasonic Thickness Gage\u2019 in the USA.  It is suitable for use for a variety of applications in NDT (Non-Destructive Testing) and is capable of measuring most engineering materials including plastic, glass, copper, cast iron and aluminium, as well as a wide range of steels.\" \/>\r\n<meta property=\"og:url\" content=\"https:\/\/www.classltd.com\/de\/produkt\/prufstein-1-ultraschall-dickenmessgerat-2\/\" \/>\r\n<meta property=\"og:site_name\" content=\"Class Instrumentation Ltd\" \/>\r\n<meta property=\"article:publisher\" content=\"https:\/\/www.facebook.com\/ClassInstrumentation\" \/>\r\n<meta property=\"article:modified_time\" content=\"2022-07-05T14:06:27+00:00\" \/>\r\n<meta property=\"og:image\" content=\"https:\/\/www.classltd.com\/wp-content\/uploads\/2021\/09\/touchstone1-600x208-1.jpg\" \/>\r\n\t<meta property=\"og:image:width\" content=\"600\" \/>\r\n\t<meta property=\"og:image:height\" content=\"208\" \/>\r\n\t<meta property=\"og:image:type\" content=\"image\/jpeg\" \/>\r\n<meta name=\"twitter:card\" content=\"summary_large_image\" \/>\r\n<meta name=\"twitter:site\" content=\"@classltd\" \/>\r\n<!-- \/ Yoast SEO plugin. -->","yoast_head_json":{"title":"Touchstone\u2122 1 Ultraschall-Dickenmessger\u00e4t - Class Instrumentation Ltd","robots":{"index":"index","follow":"follow","max-snippet":"max-snippet:-1","max-image-preview":"max-image-preview:large","max-video-preview":"max-video-preview:-1"},"canonical":"https:\/\/www.classltd.com\/de\/produkt\/prufstein-1-ultraschall-dickenmessgerat-2\/","og_locale":"de_DE","og_type":"article","og_title":"Touchstone\u2122 1 Ultrasonic Thickness Gauge - Class Instrumentation Ltd","og_description":"The TOUCHSTONE\u2122 1 is a high-performance UT gauge. It is a low cost, simple to use handheld thickness gauge, often known as an \u2018Ultrasonic Thickness Gage\u2019 in the USA.  It is suitable for use for a variety of applications in NDT (Non-Destructive Testing) and is capable of measuring most engineering materials including plastic, glass, copper, cast iron and aluminium, as well as a wide range of steels.","og_url":"https:\/\/www.classltd.com\/de\/produkt\/prufstein-1-ultraschall-dickenmessgerat-2\/","og_site_name":"Class Instrumentation Ltd","article_publisher":"https:\/\/www.facebook.com\/ClassInstrumentation","article_modified_time":"2022-07-05T14:06:27+00:00","og_image":[{"width":600,"height":208,"url":"https:\/\/www.classltd.com\/wp-content\/uploads\/2021\/09\/touchstone1-600x208-1.jpg","type":"image\/jpeg"}],"twitter_card":"summary_large_image","twitter_site":"@classltd","schema":{"@context":"https:\/\/schema.org","@graph":[{"@type":"WebPage","@id":"https:\/\/www.classltd.com\/product\/touchstone-1-ultrasonic-thickness-gauge\/","url":"https:\/\/www.classltd.com\/product\/touchstone-1-ultrasonic-thickness-gauge\/","name":"Touchstone\u2122 1 Ultraschall-Dickenmessger\u00e4t - Class Instrumentation Ltd","isPartOf":{"@id":"https:\/\/www.classltd.com\/#website"},"primaryImageOfPage":{"@id":"https:\/\/www.classltd.com\/product\/touchstone-1-ultrasonic-thickness-gauge\/#primaryimage"},"image":{"@id":"https:\/\/www.classltd.com\/product\/touchstone-1-ultrasonic-thickness-gauge\/#primaryimage"},"thumbnailUrl":"https:\/\/www.classltd.com\/wp-content\/uploads\/2021\/09\/touchstone1-600x208-1.jpg","datePublished":"2021-09-13T12:12:07+00:00","dateModified":"2022-07-05T14:06:27+00:00","breadcrumb":{"@id":"https:\/\/www.classltd.com\/product\/touchstone-1-ultrasonic-thickness-gauge\/#breadcrumb"},"inLanguage":"de","potentialAction":[{"@type":"ReadAction","target":["https:\/\/www.classltd.com\/product\/touchstone-1-ultrasonic-thickness-gauge\/"]}]},{"@type":"ImageObject","inLanguage":"de","@id":"https:\/\/www.classltd.com\/product\/touchstone-1-ultrasonic-thickness-gauge\/#primaryimage","url":"https:\/\/www.classltd.com\/wp-content\/uploads\/2021\/09\/touchstone1-600x208-1.jpg","contentUrl":"https:\/\/www.classltd.com\/wp-content\/uploads\/2021\/09\/touchstone1-600x208-1.jpg","width":600,"height":208},{"@type":"BreadcrumbList","@id":"https:\/\/www.classltd.com\/product\/touchstone-1-ultrasonic-thickness-gauge\/#breadcrumb","itemListElement":[{"@type":"ListItem","position":1,"name":"Home","item":"https:\/\/www.classltd.com\/"},{"@type":"ListItem","position":2,"name":"Shop","item":"https:\/\/www.classltd.com\/shop\/"},{"@type":"ListItem","position":3,"name":"Touchstone\u2122 1 Ultrasonic Thickness Gauge"}]},{"@type":"WebSite","@id":"https:\/\/www.classltd.com\/#website","url":"https:\/\/www.classltd.com\/","name":"Klasse Instrumentierung Ltd","description":"","publisher":{"@id":"https:\/\/www.classltd.com\/#organization"},"potentialAction":[{"@type":"SearchAction","target":{"@type":"EntryPoint","urlTemplate":"https:\/\/www.classltd.com\/?s={search_term_string}"},"query-input":{"@type":"PropertyValueSpecification","valueRequired":true,"valueName":"search_term_string"}}],"inLanguage":"de"},{"@type":"Organization","@id":"https:\/\/www.classltd.com\/#organization","name":"Klasse Instrumentierung Ltd","url":"https:\/\/www.classltd.com\/","logo":{"@type":"ImageObject","inLanguage":"de","@id":"https:\/\/www.classltd.com\/#\/schema\/logo\/image\/","url":"https:\/\/www.classltd.com\/wp-content\/uploads\/2024\/01\/class_logo_main2.png","contentUrl":"https:\/\/www.classltd.com\/wp-content\/uploads\/2024\/01\/class_logo_main2.png","width":632,"height":54,"caption":"Class Instrumentation Ltd"},"image":{"@id":"https:\/\/www.classltd.com\/#\/schema\/logo\/image\/"},"sameAs":["https:\/\/www.facebook.com\/ClassInstrumentation","https:\/\/x.com\/classltd","https:\/\/www.youtube.com\/user\/ClassInstrumentation"]}]}},"_links":{"self":[{"href":"https:\/\/www.classltd.com\/de\/wp-json\/wp\/v2\/product\/3748","targetHints":{"allow":["GET"]}}],"collection":[{"href":"https:\/\/www.classltd.com\/de\/wp-json\/wp\/v2\/product"}],"about":[{"href":"https:\/\/www.classltd.com\/de\/wp-json\/wp\/v2\/types\/product"}],"wp:featuredmedia":[{"embeddable":true,"href":"https:\/\/www.classltd.com\/de\/wp-json\/wp\/v2\/media\/3749"}],"wp:attachment":[{"href":"https:\/\/www.classltd.com\/de\/wp-json\/wp\/v2\/media?parent=3748"}],"wp:term":[{"taxonomy":"product_brand","embeddable":true,"href":"https:\/\/www.classltd.com\/de\/wp-json\/wp\/v2\/product_brand?post=3748"},{"taxonomy":"product_cat","embeddable":true,"href":"https:\/\/www.classltd.com\/de\/wp-json\/wp\/v2\/product_cat?post=3748"},{"taxonomy":"product_tag","embeddable":true,"href":"https:\/\/www.classltd.com\/de\/wp-json\/wp\/v2\/product_tag?post=3748"}],"curies":[{"name":"wp","href":"https:\/\/api.w.org\/{rel}","templated":true}]}}