{"id":3,"date":"2021-08-25T10:58:58","date_gmt":"2021-08-25T10:58:58","guid":{"rendered":"http:\/\/telsamedia.co.uk\/classinstrument\/?page_id=3"},"modified":"2022-01-12T12:47:42","modified_gmt":"2022-01-12T12:47:42","slug":"politica-de-privacidad","status":"publish","type":"page","link":"https:\/\/classltd.com\/es\/privacy-policy\/","title":{"rendered":"Pol\u00edtica de privacidad"},"content":{"rendered":"<div class=\"fusion-fullwidth fullwidth-box fusion-builder-row-1 fusion-flex-container nonhundred-percent-fullwidth non-hundred-percent-height-scrolling\" style=\"--awb-border-radius-top-left:0px;--awb-border-radius-top-right:0px;--awb-border-radius-bottom-right:0px;--awb-border-radius-bottom-left:0px;--awb-flex-wrap:wrap;\" ><div class=\"fusion-builder-row fusion-row fusion-flex-align-items-flex-start fusion-flex-content-wrap\" style=\"max-width:1248px;margin-left: calc(-4% \/ 2 );margin-right: calc(-4% \/ 2 );\"><div class=\"fusion-layout-column fusion_builder_column fusion-builder-column-0 fusion_builder_column_1_1 1_1 fusion-flex-column\" style=\"--awb-bg-size:cover;--awb-width-large:100%;--awb-margin-top-large:0px;--awb-spacing-right-large:1.92%;--awb-margin-bottom-large:0px;--awb-spacing-left-large:1.92%;--awb-width-medium:100%;--awb-spacing-right-medium:1.92%;--awb-spacing-left-medium:1.92%;--awb-width-small:100%;--awb-spacing-right-small:1.92%;--awb-spacing-left-small:1.92%;\"><div class=\"fusion-column-wrapper fusion-flex-justify-content-flex-start fusion-content-layout-column\"><div class=\"fusion-text fusion-text-1\"><h1><strong>Pol\u00edtica de privacidad<\/strong><\/h1>\n<p>Pol\u00edtica de privacidad de instrumentaci\u00f3n de clase... en breve<\/p>\n<ul>\n<li>Class Instrumentation se compromete a proteger su privacidad.<\/li>\n<li>Class Instrumentation ha creado esta declaraci\u00f3n de privacidad para demostrar nuestro firme compromiso con la privacidad.<\/li>\n<li>Lo siguiente revela nuestras pr\u00e1cticas de recopilaci\u00f3n y difusi\u00f3n de informaci\u00f3n para el sitio web en URL:\u00a0<a href=\"https:\/\/classltd.com\/es\/index.html\/\" target=\"_blank\" rel=\"noopener noreferrer\">www.classltd.com<\/a><\/li>\n<li>Class Instrumentation no divulga la informaci\u00f3n de los visitantes a terceros.<\/li>\n<li>Cualquier informaci\u00f3n que nos proporcione, ya sea comercial o personal (como su nombre o direcci\u00f3n), no puede ser vista por terceros.<\/li>\n<li>La informaci\u00f3n que guardamos se almacena en nuestros propios sistemas inform\u00e1ticos, no en un sitio web.<\/li>\n<li>En ocasiones, este sitio puede contener enlaces a otros sitios web de terceros; Class Instrumentation no es responsable de las pr\u00e1cticas de privacidad ni del contenido de dichos sitios web.<\/li>\n<li>Esta declaraci\u00f3n de privacidad no se presenta como un contrato legalmente vinculante.<\/li>\n<\/ul>\n<h3>\u00bfQu\u00e9 informaci\u00f3n recopilamos o utilizamos?<\/h3>\n<p>Hay secciones en nuestro sitio web donde podemos pedirle que se registre para obtener acceso a documentos de alto valor, o para poder descargar varios elementos, o para ponerse en contacto con Class Instrumentation. Cualquier informaci\u00f3n que proporcione seguir\u00e1 siendo propiedad protegida de Class Instrumentation. En ning\u00fan caso ser\u00e1 vendido o alquilado a ning\u00fan tercero. Sin embargo, Class Instrumentation puede utilizar su informaci\u00f3n de contacto para enviarle cualquier informaci\u00f3n que haya solicitado espec\u00edficamente o cualquier otra informaci\u00f3n o noticias sobre nuestra empresa y servicios. Sus datos pueden utilizarse de forma agregada para el an\u00e1lisis de marketing del tr\u00e1fico de nuestro sitio web.<\/p>\n<p>Adem\u00e1s de cualquier informaci\u00f3n personal que pueda proporcionar, Class Instrumentation puede, en ocasiones, usar software u otras herramientas que permitan la recopilaci\u00f3n de informaci\u00f3n t\u00e9cnica relevante, por ejemplo, la direcci\u00f3n IP (protocolo de Internet) (IP), el sistema operativo implementado en su computadora , el navegador utilizado para el acceso, varios patrones de tr\u00e1fico, as\u00ed como la direcci\u00f3n de cualquier sitio web de referencia. Class Instrumentation siempre rastrea c\u00f3mo llega un visitante al sitio web de Class Instrumentation; sin embargo, no es posible y no intentaremos recopilar informaci\u00f3n sobre otros sitios que hayan sido visitados antes de llegar a www.classltd.com.<\/p>\n<h3>\u00bfC\u00f3mo podemos usar su informaci\u00f3n personal?<\/h3>\n<p>Class Instrumentation puede usar su informaci\u00f3n personal para los siguientes prop\u00f3sitos:<\/p>\n<ul>\n<li>Para permitirle usar el sitio sin ingresar repetidamente contrase\u00f1as o inicios de sesi\u00f3n.<\/li>\n<li>Para proporcionar informaci\u00f3n o servicios que ha solicitado.<\/li>\n<li>Para ayudarnos a administrar nuestro contenido para garantizar que sea relevante y apropiado para usted.<\/li>\n<li>Para alertarlo sobre noticias de la compa\u00f1\u00eda, actualizaciones de productos, otra informaci\u00f3n actualizada y nuevos productos y servicios de Class Instrumentation<\/li>\n<\/ul>\n<h3>\u00bfQu\u00e9 es una &#039;cookie&#039;?<\/h3>\n<p>Las cookies son una tecnolog\u00eda com\u00fan de Internet que asignan una identificaci\u00f3n \u00fanica a su computadora y almacenan los detalles solo en el disco duro de SU computadora a trav\u00e9s de una funci\u00f3n en su navegador web.<\/p>\n<p>En este sitio se utilizan cookies. Se utilizan para realizar un seguimiento de la informaci\u00f3n que nos ha proporcionado durante sus visitas al sitio. La cookie almacenada en su computadora es simplemente un identificador num\u00e9rico que usamos para identificarlo mientras se desplaza por el sitio y para que pueda recuperar la informaci\u00f3n que ha enviado previamente a nuestro servidor.<\/p>\n<h3>\u00bfQu\u00e9 pasa con los enlaces en su sitio?<\/h3>\n<ul>\n<li>Class Instrumentation puede, peri\u00f3dicamente, proporcionar enlaces en nuestro sitio que dirijan a sitios web externos de terceros.<\/li>\n<li>No tenemos control sobre el contenido de otros sitios, ni sobre el uso de la informaci\u00f3n que recopilan.<\/li>\n<li>Le recomendamos que siempre revise las pol\u00edticas de privacidad en los sitios de terceros que visite; es posible que no sigan las mismas pol\u00edticas que nosotros<\/li>\n<\/ul>\n<h3>Google analitico<\/h3>\n<ul>\n<li>Este sitio web utiliza Google Analytics, un servicio de an\u00e1lisis web proporcionado por Google, Inc. (&quot;Google&quot;).<\/li>\n<li>Google Analytics utiliza cookies para ayudar al sitio web a analizar c\u00f3mo los usuarios usan el sitio.<\/li>\n<li>La informaci\u00f3n que genera la cookie acerca de su uso del sitio web (incluyendo su direcci\u00f3n IP) ser\u00e1 transmitida y archivada por Google en los servidores de Estados Unidos.<\/li>\n<li>Google utilizar\u00e1 esta informaci\u00f3n con el fin de evaluar su uso del sitio web, compilar informes sobre la actividad del sitio web para los operadores del sitio web y proporcionar otros servicios relacionados con la actividad del sitio web y el uso de Internet.<\/li>\n<li>Google tambi\u00e9n puede transferir esta informaci\u00f3n a terceros cuando as\u00ed se lo requiera la ley, o cuando dichos terceros procesen la informaci\u00f3n en nombre de Google.<\/li>\n<li>Google no asociar\u00e1 su direcci\u00f3n IP con ning\u00fan otro dato del que disponga Google.<\/li>\n<li>Puede rechazar el uso de cookies seleccionando la configuraci\u00f3n apropiada en su navegador, sin embargo, tenga en cuenta que si hace esto, es posible que no pueda usar la funcionalidad completa de este sitio web.<\/li>\n<li>Al utilizar este sitio web, consientes el tratamiento de datos sobre ti por parte de Google en la forma y para los fines arriba indicados.<\/li>\n<\/ul>\n<h3>Optar por no participar<\/h3>\n<p>Nuestro sitio brinda a los usuarios la oportunidad de optar por no recibir comunicaciones nuestras y de nuestros socios en el momento en que solicitamos informaci\u00f3n sobre el visitante.<\/p>\n<\/div><\/div><\/div><\/div><\/div>","protected":false},"excerpt":{"rendered":"","protected":false},"author":1,"featured_media":0,"parent":0,"menu_order":0,"comment_status":"closed","ping_status":"open","template":"","meta":{"footnotes":""},"class_list":["post-3","page","type-page","status-publish","hentry"],"yoast_head":"<!-- This site is optimized with the Yoast SEO plugin v27.1.1 - https:\/\/yoast.com\/product\/yoast-seo-wordpress\/ -->\n<title>Privacy Policy | Class Instrumentation Ltd<\/title>\n<meta name=\"description\" content=\"Please Refer our Privacy Policy about the Information We collect and How we process it - Class Instrumentation Ltd.\" \/>\n<meta name=\"robots\" content=\"index, follow, max-snippet:-1, max-image-preview:large, max-video-preview:-1\" \/>\n<link rel=\"canonical\" href=\"https:\/\/classltd.com\/es\/politica-de-privacidad\/\" \/>\n<meta property=\"og:locale\" content=\"es_ES\" \/>\n<meta property=\"og:type\" content=\"article\" \/>\n<meta property=\"og:title\" content=\"Privacy Policy | Class Instrumentation Ltd\" \/>\n<meta property=\"og:description\" content=\"Please Refer our Privacy Policy about the Information We collect and How we process it - Class Instrumentation Ltd.\" \/>\n<meta property=\"og:url\" content=\"https:\/\/classltd.com\/es\/politica-de-privacidad\/\" \/>\n<meta property=\"og:site_name\" content=\"Class Instrumentation Ltd\" \/>\n<meta property=\"article:publisher\" content=\"https:\/\/www.facebook.com\/ClassInstrumentation\" \/>\n<meta property=\"article:modified_time\" content=\"2022-01-12T12:47:42+00:00\" \/>\n<meta name=\"twitter:card\" content=\"summary_large_image\" \/>\n<meta name=\"twitter:site\" content=\"@classltd\" \/>\n<meta name=\"twitter:label1\" content=\"Tiempo de lectura\" \/>\n\t<meta name=\"twitter:data1\" content=\"5 minutos\" \/>\n<script type=\"application\/ld+json\" class=\"yoast-schema-graph\">{\"@context\":\"https:\/\/schema.org\",\"@graph\":[{\"@type\":\"WebPage\",\"@id\":\"https:\/\/classltd.com\/es\/politica-de-privacidad\/\",\"url\":\"https:\/\/classltd.com\/es\/politica-de-privacidad\/\",\"name\":\"Privacy Policy | Class Instrumentation Ltd\",\"isPartOf\":{\"@id\":\"https:\/\/classltd.com\/#website\"},\"datePublished\":\"2021-08-25T10:58:58+00:00\",\"dateModified\":\"2022-01-12T12:47:42+00:00\",\"description\":\"Please Refer our Privacy Policy about the Information We collect and How we process it - Class Instrumentation Ltd.\",\"breadcrumb\":{\"@id\":\"https:\/\/classltd.com\/es\/politica-de-privacidad\/#breadcrumb\"},\"inLanguage\":\"es\",\"potentialAction\":[{\"@type\":\"ReadAction\",\"target\":[\"https:\/\/classltd.com\/es\/politica-de-privacidad\/\"]}]},{\"@type\":\"BreadcrumbList\",\"@id\":\"https:\/\/classltd.com\/es\/politica-de-privacidad\/#breadcrumb\",\"itemListElement\":[{\"@type\":\"ListItem\",\"position\":1,\"name\":\"Home\",\"item\":\"https:\/\/classltd.com\/\"},{\"@type\":\"ListItem\",\"position\":2,\"name\":\"Privacy Policy\"}]},{\"@type\":\"WebSite\",\"@id\":\"https:\/\/classltd.com\/#website\",\"url\":\"https:\/\/classltd.com\/\",\"name\":\"Class Instrumentation Ltd\",\"description\":\"\",\"publisher\":{\"@id\":\"https:\/\/classltd.com\/#organization\"},\"potentialAction\":[{\"@type\":\"SearchAction\",\"target\":{\"@type\":\"EntryPoint\",\"urlTemplate\":\"https:\/\/classltd.com\/?s={search_term_string}\"},\"query-input\":{\"@type\":\"PropertyValueSpecification\",\"valueRequired\":true,\"valueName\":\"search_term_string\"}}],\"inLanguage\":\"es\"},{\"@type\":\"Organization\",\"@id\":\"https:\/\/classltd.com\/#organization\",\"name\":\"Class Instrumentation Ltd\",\"url\":\"https:\/\/classltd.com\/\",\"logo\":{\"@type\":\"ImageObject\",\"inLanguage\":\"es\",\"@id\":\"https:\/\/classltd.com\/#\/schema\/logo\/image\/\",\"url\":\"https:\/\/www.classltd.com\/wp-content\/uploads\/2024\/01\/class_logo_main2.png\",\"contentUrl\":\"https:\/\/www.classltd.com\/wp-content\/uploads\/2024\/01\/class_logo_main2.png\",\"width\":632,\"height\":54,\"caption\":\"Class Instrumentation Ltd\"},\"image\":{\"@id\":\"https:\/\/classltd.com\/#\/schema\/logo\/image\/\"},\"sameAs\":[\"https:\/\/www.facebook.com\/ClassInstrumentation\",\"https:\/\/x.com\/classltd\",\"https:\/\/www.youtube.com\/user\/ClassInstrumentation\"]}]}<\/script>\n<!-- \/ Yoast SEO plugin. -->","yoast_head_json":{"title":"Pol\u00edtica de Privacidad | clase instrumentaci\u00f3n ltd","description":"Consulte nuestra Pol\u00edtica de privacidad sobre la informaci\u00f3n que recopilamos y c\u00f3mo la procesamos - Class Instrumentation Ltd.","robots":{"index":"index","follow":"follow","max-snippet":"max-snippet:-1","max-image-preview":"max-image-preview:large","max-video-preview":"max-video-preview:-1"},"canonical":"https:\/\/classltd.com\/es\/politica-de-privacidad\/","og_locale":"es_ES","og_type":"article","og_title":"Privacy Policy | Class Instrumentation Ltd","og_description":"Please Refer our Privacy Policy about the Information We collect and How we process it - Class Instrumentation Ltd.","og_url":"https:\/\/classltd.com\/es\/politica-de-privacidad\/","og_site_name":"Class Instrumentation Ltd","article_publisher":"https:\/\/www.facebook.com\/ClassInstrumentation","article_modified_time":"2022-01-12T12:47:42+00:00","twitter_card":"summary_large_image","twitter_site":"@classltd","twitter_misc":{"Tiempo de lectura":"5 minutos"},"schema":{"@context":"https:\/\/schema.org","@graph":[{"@type":"WebPage","@id":"https:\/\/classltd.com\/es\/politica-de-privacidad\/","url":"https:\/\/classltd.com\/es\/politica-de-privacidad\/","name":"Pol\u00edtica de Privacidad | clase instrumentaci\u00f3n ltd","isPartOf":{"@id":"https:\/\/classltd.com\/#website"},"datePublished":"2021-08-25T10:58:58+00:00","dateModified":"2022-01-12T12:47:42+00:00","description":"Consulte nuestra Pol\u00edtica de privacidad sobre la informaci\u00f3n que recopilamos y c\u00f3mo la procesamos - Class Instrumentation Ltd.","breadcrumb":{"@id":"https:\/\/classltd.com\/es\/politica-de-privacidad\/#breadcrumb"},"inLanguage":"es","potentialAction":[{"@type":"ReadAction","target":["https:\/\/classltd.com\/es\/politica-de-privacidad\/"]}]},{"@type":"BreadcrumbList","@id":"https:\/\/classltd.com\/es\/politica-de-privacidad\/#breadcrumb","itemListElement":[{"@type":"ListItem","position":1,"name":"Home","item":"https:\/\/classltd.com\/"},{"@type":"ListItem","position":2,"name":"Privacy Policy"}]},{"@type":"WebSite","@id":"https:\/\/classltd.com\/#website","url":"https:\/\/classltd.com\/","name":"clase instrumentaci\u00f3n ltd","description":"","publisher":{"@id":"https:\/\/classltd.com\/#organization"},"potentialAction":[{"@type":"SearchAction","target":{"@type":"EntryPoint","urlTemplate":"https:\/\/classltd.com\/?s={search_term_string}"},"query-input":{"@type":"PropertyValueSpecification","valueRequired":true,"valueName":"search_term_string"}}],"inLanguage":"es"},{"@type":"Organization","@id":"https:\/\/classltd.com\/#organization","name":"clase instrumentaci\u00f3n ltd","url":"https:\/\/classltd.com\/","logo":{"@type":"ImageObject","inLanguage":"es","@id":"https:\/\/classltd.com\/#\/schema\/logo\/image\/","url":"https:\/\/www.classltd.com\/wp-content\/uploads\/2024\/01\/class_logo_main2.png","contentUrl":"https:\/\/www.classltd.com\/wp-content\/uploads\/2024\/01\/class_logo_main2.png","width":632,"height":54,"caption":"Class Instrumentation Ltd"},"image":{"@id":"https:\/\/classltd.com\/#\/schema\/logo\/image\/"},"sameAs":["https:\/\/www.facebook.com\/ClassInstrumentation","https:\/\/x.com\/classltd","https:\/\/www.youtube.com\/user\/ClassInstrumentation"]}]}},"_links":{"self":[{"href":"https:\/\/classltd.com\/es\/wp-json\/wp\/v2\/pages\/3","targetHints":{"allow":["GET"]}}],"collection":[{"href":"https:\/\/classltd.com\/es\/wp-json\/wp\/v2\/pages"}],"about":[{"href":"https:\/\/classltd.com\/es\/wp-json\/wp\/v2\/types\/page"}],"author":[{"embeddable":true,"href":"https:\/\/classltd.com\/es\/wp-json\/wp\/v2\/users\/1"}],"replies":[{"embeddable":true,"href":"https:\/\/classltd.com\/es\/wp-json\/wp\/v2\/comments?post=3"}],"version-history":[{"count":2,"href":"https:\/\/classltd.com\/es\/wp-json\/wp\/v2\/pages\/3\/revisions"}],"predecessor-version":[{"id":4745,"href":"https:\/\/classltd.com\/es\/wp-json\/wp\/v2\/pages\/3\/revisions\/4745"}],"wp:attachment":[{"href":"https:\/\/classltd.com\/es\/wp-json\/wp\/v2\/media?parent=3"}],"curies":[{"name":"wp","href":"https:\/\/api.w.org\/{rel}","templated":true}]}}