{"id":3457,"date":"2021-09-10T07:05:17","date_gmt":"2021-09-10T07:05:17","guid":{"rendered":"http:\/\/telsamedia.co.uk\/classinstrument\/?page_id=3457"},"modified":"2022-05-30T17:04:00","modified_gmt":"2022-05-30T17:04:00","slug":"enlaces-externos","status":"publish","type":"page","link":"https:\/\/classltd.com\/es\/external-links\/","title":{"rendered":"Enlaces externos"},"content":{"rendered":"<p><div class=\"fusion-fullwidth fullwidth-box fusion-builder-row-1 fusion-flex-container nonhundred-percent-fullwidth non-hundred-percent-height-scrolling\" style=\"--awb-border-radius-top-left:0px;--awb-border-radius-top-right:0px;--awb-border-radius-bottom-right:0px;--awb-border-radius-bottom-left:0px;--awb-padding-top:100px;--awb-padding-bottom:100px;--awb-padding-top-medium:75px;--awb-padding-bottom-medium:75px;--awb-padding-top-small:50px;--awb-padding-bottom-small:50px;--awb-margin-bottom:-20px;--awb-flex-wrap:wrap;\" ><div class=\"fusion-builder-row fusion-row fusion-flex-align-items-flex-start fusion-flex-content-wrap\" style=\"max-width:1248px;margin-left: calc(-4% \/ 2 );margin-right: calc(-4% \/ 2 );\"><div class=\"fusion-layout-column fusion_builder_column fusion-builder-column-0 fusion_builder_column_1_1 1_1 fusion-flex-column\" style=\"--awb-bg-size:cover;--awb-border-color:#e4e4e4;--awb-border-style:solid;--awb-width-large:100%;--awb-margin-top-large:0px;--awb-spacing-right-large:1.92%;--awb-margin-bottom-large:00px;--awb-spacing-left-large:1.92%;--awb-width-medium:100%;--awb-order-medium:0;--awb-spacing-right-medium:1.92%;--awb-spacing-left-medium:1.92%;--awb-width-small:100%;--awb-order-small:0;--awb-spacing-right-small:1.92%;--awb-spacing-left-small:1.92%;\"><div class=\"fusion-column-wrapper fusion-column-has-shadow fusion-flex-justify-content-flex-start fusion-content-layout-column\"><div class=\"fusion-title title fusion-title-1 fusion-sep-none fusion-title-text fusion-title-size-one main-title\" style=\"--awb-margin-top:00px;--awb-margin-top-small:00px;--awb-margin-right-small:0px;--awb-margin-bottom-small:15px;--awb-margin-left-small:0px;--awb-margin-top-medium:00px;--awb-margin-bottom-medium:15px;\"><h1 class=\"fusion-title-heading title-heading-left\" style=\"margin:0;\">Enlaces externos<\/h1><\/div><div class=\"fusion-separator custome-sep\" style=\"align-self: flex-start;margin-right:auto;margin-top:0px;margin-bottom:30px;width:100%;max-width:120px;\"><div class=\"fusion-separator-border sep-single sep-solid\" style=\"--awb-height:20px;--awb-amount:20px;--awb-sep-color:#fc6a20;border-color:#fc6a20;border-top-width:4px;\"><\/div><\/div><div class=\"fusion-text fusion-text-1 External-Links\"><p>Hemos proporcionado una lista de sitios web que pueden ser de inter\u00e9s para nuestros clientes de pruebas de ultrasonidos, incluidos varios que permiten actualizaciones peri\u00f3dicas gratuitas de boletines informativos sobre cambios en las reglamentaciones y tendencias de la industria.<\/p>\n<h4>Publicaciones Marinas<\/h4>\n<p>Vientos alisios <a href=\"http:\/\/www.tradewinds.no\/\" target=\"_blank\" rel=\"noopener noreferrer\">http:\/\/www.tradewinds.no<\/a><br \/>\nNoticias hel\u00e9nicas de env\u00edo <a href=\"http:\/\/www.hellenicshippingnews.com\/\" target=\"_blank\" rel=\"noopener noreferrer\">http:\/\/www.hellenicshippingnews.com<\/a><br \/>\nRegistro marino <a href=\"http:\/\/www.marinelog.com\/\" target=\"_blank\" rel=\"noopener noreferrer\">http:\/\/www.marinelog.com<\/a><br \/>\nNoticias mar\u00edtimas mundiales <a href=\"http:\/\/www.worldmaritimenews.com\/\" target=\"_blank\" rel=\"noopener noreferrer\">http:\/\/www.worldmaritimenews.com<\/a><br \/>\nEnlace marino <a href=\"http:\/\/www.marinelink.com\/\" target=\"_blank\" rel=\"noopener noreferrer\">http:\/\/www.marinelink.com<\/a><br \/>\nmar\u00edtimo hoy <a href=\"http:\/\/www.maritimetoday.com\/\" target=\"_blank\" rel=\"noopener noreferrer\">http:\/\/www.maritimetoday.com<\/a><\/p>\n<h4>Publicaciones de seguridad contra incendios<\/h4>\n<p>La gran gu\u00eda roja <a href=\"http:\/\/www.thebigredguide.com\/\" target=\"_blank\" rel=\"noopener noreferrer\">http:\/\/www.thebigredguide.com<\/a><\/p>\n<h4>Publicaciones de END<\/h4>\n<p>instituto brit\u00e1nico <a href=\"http:\/\/www.bindt.org\/Publications\/NDT-News\" target=\"_blank\" rel=\"noopener noreferrer\">http:\/\/www.bindt.org\/Publications\/NDT-News<\/a><br \/>\nLa cabina de END <a href=\"http:\/\/www.ndtcabin.com\/\" target=\"_blank\" rel=\"noopener noreferrer\">http:\/\/www.ndtcabin.com<\/a><\/p>\n<h4>Organizaciones de formaci\u00f3n marina<\/h4>\n<p>Instituto Mar\u00edtimo del Pac\u00edfico <a href=\"http:\/\/www.mates.org\/\" target=\"_blank\" rel=\"noopener noreferrer\">http:\/\/www.mates.org<\/a><br \/>\nInstituto Mar\u00edtimo de Tecnolog\u00eda y Estudios de Posgrado <a href=\"http:\/\/mitags-pmi.org\/\" target=\"_blank\" rel=\"noopener noreferrer\">http:\/\/mitags-pmi.org<\/a><\/p>\n<h4>Organismos Marinos Profesionales<\/h4>\n<p>El Instituto N\u00e1utico <a href=\"http:\/\/www.nautinst.org\/\" target=\"_blank\" rel=\"noopener noreferrer\">http:\/\/www.nautinst.org<\/a><br \/>\nLa Sociedad de Agrimensores Marinos Acreditados <a href=\"http:\/\/www.marinesurvey.org\/\" target=\"_blank\" rel=\"noopener noreferrer\">http:\/\/www.marinesurvey.org<\/a><br \/>\nLa Asociaci\u00f3n Nacional de Agrimensores Marinos <a href=\"http:\/\/www.namsglobal.org\/\" target=\"_blank\" rel=\"noopener noreferrer\">http:\/\/www.namsglobal.org<\/a><br \/>\nEl Instituto Internacional de Agrimensores Marinos <a href=\"http:\/\/www.iims.org.uk\/\" target=\"_blank\" rel=\"noopener noreferrer\">http:\/\/www.iims.org.uk<\/a><\/p>\n<h4>Organismos Reguladores Marinos<\/h4>\n<p>Organizaci\u00f3n Mar\u00edtima Internacional <a href=\"http:\/\/www.imo.org\/\" target=\"_blank\" rel=\"noopener noreferrer\">http:\/\/www.imo.org<\/a><br \/>\nAsociaci\u00f3n Internacional de Sociedades de Clasificaci\u00f3n <a href=\"http:\/\/www.iacs.org.uk\/\" target=\"_blank\" rel=\"noopener noreferrer\">http:\/\/www.iacs.org.uk<\/a><br \/>\nDirectiva de equipos marinos <a href=\"http:\/\/www.mared.org\/\" target=\"_blank\" rel=\"noopener noreferrer\">http:\/\/www.mared.org<\/a><br \/>\nAgencia Mar\u00edtima y de Guardacostas <a href=\"http:\/\/www.mcga.gov.uk\/\" target=\"_blank\" rel=\"noopener noreferrer\">http:\/\/www.mcga.gov.uk<\/a><\/p>\n<h4>Sociedades de Clasificaci\u00f3n Marina<\/h4>\n<p>Sociedad Estadounidense de Clasificaci\u00f3n de la Oficina de Transporte Mar\u00edtimo <a href=\"http:\/\/www.eagle.org\/\" target=\"_blank\" rel=\"noopener noreferrer\">http:\/\/www.eagle.org<\/a><br \/>\nBureau Veritas <a href=\"http:\/\/www.imo.org\/\" target=\"_blank\" rel=\"noopener noreferrer\">http:\/\/www.imo.org<\/a><br \/>\nSociedad de clasificaci\u00f3n de China <a href=\"http:\/\/www.ccs.org.cn\/\" target=\"_blank\" rel=\"noopener noreferrer\">http:\/\/www.ccs.org.cn<\/a><br \/>\nDet Norske Veritas <a href=\"http:\/\/www.dnv.com\/\" target=\"_blank\" rel=\"noopener noreferrer\">http:\/\/www.dnv.com<\/a><\/p>\n<p>Registro Indio de Transporte Mar\u00edtimo <a href=\"http:\/\/www.irclass.org\/\" target=\"_blank\" rel=\"noopener noreferrer\">http:\/\/www.irclass.org<\/a><br \/>\nregistro coreano <a href=\"http:\/\/www.krs.co.kr\/\" target=\"_blank\" rel=\"noopener noreferrer\">http:\/\/www.krs.co.kr<\/a><br \/>\nRegistro de Lloyds <a href=\"http:\/\/www.lr.org\/\" target=\"_blank\" rel=\"noopener noreferrer\">http:\/\/www.lr.org<\/a><br \/>\nNip\u00f3n Kaiji Kyokai <a href=\"http:\/\/www.classnk.or.jp\/\" target=\"_blank\" rel=\"noopener noreferrer\">http:\/\/www.classnk.or.jp<\/a><br \/>\nRINA <a href=\"http:\/\/www.rina.org\/\" target=\"_blank\" rel=\"noopener noreferrer\">http:\/\/www.rina.org<\/a><br \/>\nRegistro Mar\u00edtimo Ruso de Navegaci\u00f3n <a href=\"http:\/\/www.rs-head.spb.ru\/\" target=\"_blank\" rel=\"noopener noreferrer\">http:\/\/www.rs-head.spb.ru<\/a><\/p>\n<\/div><\/div><\/div><\/div><\/div><div class=\"fusion-fullwidth fullwidth-box fusion-builder-row-2 fusion-flex-container fusion-parallax-none nonhundred-percent-fullwidth non-hundred-percent-height-scrolling lazyload\" style=\"--awb-border-radius-top-left:0px;--awb-border-radius-top-right:0px;--awb-border-radius-bottom-right:0px;--awb-border-radius-bottom-left:0px;--awb-padding-top:50px;--awb-padding-bottom:30px;--awb-background-color:#f08421;--awb-background-size:cover;--awb-flex-wrap:wrap;\" data-bg=\"https:\/\/www.classltd.com\/wp-content\/uploads\/2021\/09\/map-2.png\" ><div class=\"fusion-builder-row fusion-row fusion-flex-align-items-flex-start fusion-flex-justify-content-center fusion-flex-content-wrap\" style=\"max-width:1248px;margin-left: calc(-4% \/ 2 );margin-right: calc(-4% \/ 2 );\"><div class=\"fusion-layout-column fusion_builder_column fusion-builder-column-1 fusion_builder_column_3_5 3_5 fusion-flex-column\" style=\"--awb-bg-size:cover;--awb-width-large:60%;--awb-margin-top-large:0px;--awb-spacing-right-large:3.2%;--awb-margin-bottom-large:00px;--awb-spacing-left-large:3.2%;--awb-width-medium:100%;--awb-order-medium:0;--awb-spacing-right-medium:1.92%;--awb-spacing-left-medium:1.92%;--awb-width-small:100%;--awb-order-small:0;--awb-spacing-right-small:1.92%;--awb-spacing-left-small:1.92%;\"><div class=\"fusion-column-wrapper fusion-column-has-shadow fusion-flex-justify-content-flex-start fusion-content-layout-column\"><div class=\"fusion-title title fusion-title-2 fusion-sep-none fusion-title-text fusion-title-size-three main-title\" style=\"--awb-text-color:#ffffff;--awb-margin-top:00px;--awb-margin-top-small:00px;--awb-margin-right-small:0px;--awb-margin-bottom-small:15px;--awb-margin-left-small:0px;--awb-margin-top-medium:00px;--awb-margin-bottom-medium:15px;\"><h3 class=\"fusion-title-heading title-heading-left\" style=\"margin:0;\">Dise\u00f1adores y fabricantes l\u00edderes en el mundo<\/h3><\/div><div class=\"fusion-separator\" style=\"align-self: flex-start;margin-right:auto;margin-top:0px;margin-bottom:30px;width:100%;max-width:120px;\"><div class=\"fusion-separator-border sep-single sep-solid\" style=\"--awb-height:20px;--awb-amount:20px;--awb-sep-color:#00235a;border-color:#00235a;border-top-width:4px;\"><\/div><\/div><div class=\"fusion-builder-row fusion-builder-row-inner fusion-row fusion-flex-align-items-flex-start fusion-flex-justify-content-center fusion-flex-content-wrap\" style=\"--awb-flex-grow:0;--awb-flex-grow-medium:0;--awb-flex-grow-small:0;--awb-flex-shrink:0;--awb-flex-shrink-medium:0;--awb-flex-shrink-small:0;width:104% !important;max-width:104% !important;margin-left: calc(-4% \/ 2 );margin-right: calc(-4% \/ 2 );\"><div class=\"fusion-layout-column fusion_builder_column_inner fusion-builder-nested-column-0 fusion-flex-column\" style=\"--awb-bg-size:cover;--awb-width-large:auto;--awb-margin-top-large:0px;--awb-spacing-right-large:2%;--awb-margin-bottom-large:20px;--awb-spacing-left-large:2%;--awb-width-medium:auto;--awb-order-medium:0;--awb-spacing-right-medium:2%;--awb-spacing-left-medium:2%;--awb-width-small:100%;--awb-order-small:0;--awb-spacing-right-small:1.92%;--awb-spacing-left-small:1.92%;\"><div class=\"fusion-column-wrapper fusion-column-has-shadow fusion-flex-justify-content-flex-start fusion-content-layout-column\"><div class=\"fusion-image-element\" style=\"--awb-max-width:100px;--awb-caption-title-font-family:var(--h2_typography-font-family);--awb-caption-title-font-weight:var(--h2_typography-font-weight);--awb-caption-title-font-style:var(--h2_typography-font-style);--awb-caption-title-size:var(--h2_typography-font-size);--awb-caption-title-transform:var(--h2_typography-text-transform);--awb-caption-title-line-height:var(--h2_typography-line-height);--awb-caption-title-letter-spacing:var(--h2_typography-letter-spacing);\"><span class=\"fusion-imageframe imageframe-none imageframe-1 hover-type-none\"><img decoding=\"async\" width=\"228\" height=\"184\" alt=\"Dise\u00f1ado y fabricado en Gran Breta\u00f1a\" title=\"Dise\u00f1ado y fabricado en Gran Breta\u00f1a\" src=\"https:\/\/classltd.com\/wp-content\/uploads\/2021\/09\/images.png\" data-orig-src=\"https:\/\/www.classltd.com\/wp-content\/uploads\/2021\/09\/images.png\" class=\"lazyload img-responsive wp-image-1174\" srcset=\"data:image\/svg+xml,%3Csvg%20xmlns%3D%27http%3A%2F%2Fwww.w3.org%2F2000%2Fsvg%27%20width%3D%27228%27%20height%3D%27184%27%20viewBox%3D%270%200%20228%20184%27%3E%3Crect%20width%3D%27228%27%20height%3D%27184%27%20fill-opacity%3D%220%22%2F%3E%3C%2Fsvg%3E\" data-srcset=\"https:\/\/classltd.com\/wp-content\/uploads\/2021\/09\/images-200x161.png 200w, https:\/\/classltd.com\/wp-content\/uploads\/2021\/09\/images.png 228w\" data-sizes=\"auto\" data-orig-sizes=\"(max-width: 640px) 100vw, 228px\" \/><\/span><\/div><\/div><\/div><div class=\"fusion-layout-column fusion_builder_column_inner fusion-builder-nested-column-1 fusion_builder_column_inner_5_6 5_6 fusion-flex-column\" style=\"--awb-bg-size:cover;--awb-width-large:83.333333333333%;--awb-margin-top-large:0px;--awb-spacing-right-large:2.304%;--awb-margin-bottom-large:00px;--awb-spacing-left-large:2.304%;--awb-width-medium:83.333333333333%;--awb-order-medium:0;--awb-spacing-right-medium:2.304%;--awb-spacing-left-medium:2.304%;--awb-width-small:100%;--awb-order-small:0;--awb-spacing-right-small:1.92%;--awb-spacing-left-small:1.92%;\"><div class=\"fusion-column-wrapper fusion-column-has-shadow fusion-flex-justify-content-flex-start fusion-content-layout-column\"><div class=\"fusion-text fusion-text-2\" style=\"--awb-text-color:#ffffff;\"><p>Estamos orgullosos de ser dise\u00f1adores y fabricantes brit\u00e1nicos de probadores ultras\u00f3nicos de integridad del agua, indicadores de nivel de l\u00edquido y equipos de prueba no destructivos l\u00edderes en el mundo.<\/p>\n<\/div><\/div><\/div><\/div><div ><a class=\"fusion-button button-flat fusion-button-default-size button-custom fusion-button-default button-1 fusion-button-default-span fusion-button-default-type\" style=\"--button_accent_color:#ffffff;--button_accent_hover_color:#ffffff;--button_border_hover_color:#ffffff;--button_gradient_top_color:#00235a;--button_gradient_bottom_color:#00235a;--button_gradient_top_color_hover:#f08421;--button_gradient_bottom_color_hover:#f08421;\" target=\"_self\" href=\"https:\/\/classltd.com\/es\/equipo-de-prueba-ultrasonico\/\"><span class=\"fusion-button-text awb-button__text awb-button__text--default\">\u00faltimos productos<\/span><i class=\"fa-long-arrow-right fal awb-button__icon awb-button__icon--default button-icon-right\" aria-hidden=\"true\"><\/i><\/a><\/div><\/div><\/div><div class=\"fusion-layout-column fusion_builder_column fusion-builder-column-2 fusion_builder_column_2_5 2_5 fusion-flex-column\" style=\"--awb-padding-top:40px;--awb-padding-right:15px;--awb-padding-left:15px;--awb-bg-color:#ffffff;--awb-bg-color-hover:#ffffff;--awb-bg-size:cover;--awb-width-large:40%;--awb-margin-top-large:0px;--awb-spacing-right-large:4.8%;--awb-margin-bottom-large:20px;--awb-spacing-left-large:4.8%;--awb-width-medium:100%;--awb-order-medium:0;--awb-spacing-right-medium:1.92%;--awb-spacing-left-medium:1.92%;--awb-width-small:100%;--awb-order-small:0;--awb-spacing-right-small:1.92%;--awb-spacing-left-small:1.92%;\"><div class=\"fusion-column-wrapper fusion-column-has-shadow fusion-flex-justify-content-flex-start fusion-content-layout-column\"><div class=\"fusion-content-boxes content-boxes columns row fusion-columns-1 fusion-columns-total-1 fusion-content-boxes-1 content-boxes-icon-on-top content-left\" style=\"--awb-title-color:#150e81;--awb-margin-bottom:-20px;--awb-hover-accent-color:#150e81;--awb-circle-hover-accent-color:#150e81;--awb-item-margin-bottom:40px;\" data-animationoffset=\"top-into-view\"><div style=\"--awb-backgroundcolor:rgba(255,255,255,0);\" class=\"fusion-column content-box-column content-box-column content-box-column-1 col-lg-12 col-md-12 col-sm-12 fusion-content-box-hover content-box-column-last content-box-column-last-in-row\"><div class=\"col content-box-wrapper content-wrapper link-area-link-icon content-icon-wrapper-yes icon-hover-animation-fade\" data-animationoffset=\"top-into-view\"><div class=\"heading heading-with-icon icon-left\"><div aria-hidden=\"true\" class=\"image\"><img decoding=\"async\" class=\"lazyload\" src=\"data:image\/svg+xml,%3Csvg%20xmlns%3D%27http%3A%2F%2Fwww.w3.org%2F2000%2Fsvg%27%20width%3D%271000%27%20height%3D%27313%27%20viewBox%3D%270%200%201000%20313%27%3E%3Crect%20width%3D%271000%27%20height%3D%27313%27%20fill-opacity%3D%220%22%2F%3E%3C%2Fsvg%3E\" data-orig-src=\"https:\/\/www.classltd.com\/wp-content\/uploads\/2021\/10\/55.png\" width=\"600\" height=\"187.8\" alt=\"\" \/><\/div><h2 class=\"content-box-heading\" style=\"--h2_typography-font-size:24px;line-height:29px;\">Somos la \u00fanica empresa que ofrece recalibraci\u00f3n de nuestros productos cada 5 a\u00f1os<\/h2><\/div><\/div><\/div><div class=\"fusion-clearfix\"><\/div><\/div><\/div><\/div><\/div><\/div>\n<\/p>","protected":false},"excerpt":{"rendered":"","protected":false},"author":1,"featured_media":0,"parent":0,"menu_order":0,"comment_status":"closed","ping_status":"closed","template":"100-width.php","meta":{"footnotes":""},"class_list":["post-3457","page","type-page","status-publish","hentry"],"yoast_head":"<!-- This site is optimized with the Yoast SEO plugin v27.1.1 - https:\/\/yoast.com\/product\/yoast-seo-wordpress\/ -->\n<title>External Links | Class Instrumentation Ltd<\/title>\n<meta name=\"description\" content=\"List of Useful Websites Around Ultrasonic Testing and Other Customer Interest, Latest Industry Trends of Marine, Fire Safety, NDT, Training and Regulatory Concepts.\" \/>\n<meta name=\"robots\" content=\"index, follow, max-snippet:-1, max-image-preview:large, max-video-preview:-1\" \/>\n<link rel=\"canonical\" href=\"https:\/\/classltd.com\/es\/enlaces-externos\/\" \/>\n<meta property=\"og:locale\" content=\"es_ES\" \/>\n<meta property=\"og:type\" content=\"article\" \/>\n<meta property=\"og:title\" content=\"External Links | Class Instrumentation Ltd\" \/>\n<meta property=\"og:description\" content=\"List of Useful Websites Around Ultrasonic Testing and Other Customer Interest, Latest Industry Trends of Marine, Fire Safety, NDT, Training and Regulatory Concepts.\" \/>\n<meta property=\"og:url\" content=\"https:\/\/classltd.com\/es\/enlaces-externos\/\" \/>\n<meta property=\"og:site_name\" content=\"Class Instrumentation Ltd\" \/>\n<meta property=\"article:publisher\" content=\"https:\/\/www.facebook.com\/ClassInstrumentation\" \/>\n<meta property=\"article:modified_time\" content=\"2022-05-30T17:04:00+00:00\" \/>\n<meta name=\"twitter:card\" content=\"summary_large_image\" \/>\n<meta name=\"twitter:site\" content=\"@classltd\" \/>\n<meta name=\"twitter:label1\" content=\"Tiempo de lectura\" \/>\n\t<meta name=\"twitter:data1\" content=\"6 minutos\" \/>\n<script type=\"application\/ld+json\" class=\"yoast-schema-graph\">{\"@context\":\"https:\/\/schema.org\",\"@graph\":[{\"@type\":\"WebPage\",\"@id\":\"https:\/\/classltd.com\/external-links\/\",\"url\":\"https:\/\/classltd.com\/external-links\/\",\"name\":\"External Links | Class Instrumentation Ltd\",\"isPartOf\":{\"@id\":\"https:\/\/classltd.com\/#website\"},\"datePublished\":\"2021-09-10T07:05:17+00:00\",\"dateModified\":\"2022-05-30T17:04:00+00:00\",\"description\":\"List of Useful Websites Around Ultrasonic Testing and Other Customer Interest, Latest Industry Trends of Marine, Fire Safety, NDT, Training and Regulatory Concepts.\",\"breadcrumb\":{\"@id\":\"https:\/\/classltd.com\/external-links\/#breadcrumb\"},\"inLanguage\":\"es\",\"potentialAction\":[{\"@type\":\"ReadAction\",\"target\":[\"https:\/\/classltd.com\/external-links\/\"]}]},{\"@type\":\"BreadcrumbList\",\"@id\":\"https:\/\/classltd.com\/external-links\/#breadcrumb\",\"itemListElement\":[{\"@type\":\"ListItem\",\"position\":1,\"name\":\"Home\",\"item\":\"https:\/\/classltd.com\/\"},{\"@type\":\"ListItem\",\"position\":2,\"name\":\"External Links\"}]},{\"@type\":\"WebSite\",\"@id\":\"https:\/\/classltd.com\/#website\",\"url\":\"https:\/\/classltd.com\/\",\"name\":\"Class Instrumentation Ltd\",\"description\":\"\",\"publisher\":{\"@id\":\"https:\/\/classltd.com\/#organization\"},\"potentialAction\":[{\"@type\":\"SearchAction\",\"target\":{\"@type\":\"EntryPoint\",\"urlTemplate\":\"https:\/\/classltd.com\/?s={search_term_string}\"},\"query-input\":{\"@type\":\"PropertyValueSpecification\",\"valueRequired\":true,\"valueName\":\"search_term_string\"}}],\"inLanguage\":\"es\"},{\"@type\":\"Organization\",\"@id\":\"https:\/\/classltd.com\/#organization\",\"name\":\"Class Instrumentation Ltd\",\"url\":\"https:\/\/classltd.com\/\",\"logo\":{\"@type\":\"ImageObject\",\"inLanguage\":\"es\",\"@id\":\"https:\/\/classltd.com\/#\/schema\/logo\/image\/\",\"url\":\"https:\/\/www.classltd.com\/wp-content\/uploads\/2024\/01\/class_logo_main2.png\",\"contentUrl\":\"https:\/\/www.classltd.com\/wp-content\/uploads\/2024\/01\/class_logo_main2.png\",\"width\":632,\"height\":54,\"caption\":\"Class Instrumentation Ltd\"},\"image\":{\"@id\":\"https:\/\/classltd.com\/#\/schema\/logo\/image\/\"},\"sameAs\":[\"https:\/\/www.facebook.com\/ClassInstrumentation\",\"https:\/\/x.com\/classltd\",\"https:\/\/www.youtube.com\/user\/ClassInstrumentation\"]}]}<\/script>\n<!-- \/ Yoast SEO plugin. -->","yoast_head_json":{"title":"Enlaces externos | clase instrumentaci\u00f3n ltd","description":"Lista de sitios web \u00fatiles sobre pruebas ultras\u00f3nicas y otros intereses de los clientes, las \u00faltimas tendencias de la industria marina, seguridad contra incendios, END, capacitaci\u00f3n y conceptos normativos.","robots":{"index":"index","follow":"follow","max-snippet":"max-snippet:-1","max-image-preview":"max-image-preview:large","max-video-preview":"max-video-preview:-1"},"canonical":"https:\/\/classltd.com\/es\/enlaces-externos\/","og_locale":"es_ES","og_type":"article","og_title":"External Links | Class Instrumentation Ltd","og_description":"List of Useful Websites Around Ultrasonic Testing and Other Customer Interest, Latest Industry Trends of Marine, Fire Safety, NDT, Training and Regulatory Concepts.","og_url":"https:\/\/classltd.com\/es\/enlaces-externos\/","og_site_name":"Class Instrumentation Ltd","article_publisher":"https:\/\/www.facebook.com\/ClassInstrumentation","article_modified_time":"2022-05-30T17:04:00+00:00","twitter_card":"summary_large_image","twitter_site":"@classltd","twitter_misc":{"Tiempo de lectura":"6 minutos"},"schema":{"@context":"https:\/\/schema.org","@graph":[{"@type":"WebPage","@id":"https:\/\/classltd.com\/external-links\/","url":"https:\/\/classltd.com\/external-links\/","name":"Enlaces externos | clase instrumentaci\u00f3n ltd","isPartOf":{"@id":"https:\/\/classltd.com\/#website"},"datePublished":"2021-09-10T07:05:17+00:00","dateModified":"2022-05-30T17:04:00+00:00","description":"Lista de sitios web \u00fatiles sobre pruebas ultras\u00f3nicas y otros intereses de los clientes, las \u00faltimas tendencias de la industria marina, seguridad contra incendios, END, capacitaci\u00f3n y conceptos normativos.","breadcrumb":{"@id":"https:\/\/classltd.com\/external-links\/#breadcrumb"},"inLanguage":"es","potentialAction":[{"@type":"ReadAction","target":["https:\/\/classltd.com\/external-links\/"]}]},{"@type":"BreadcrumbList","@id":"https:\/\/classltd.com\/external-links\/#breadcrumb","itemListElement":[{"@type":"ListItem","position":1,"name":"Home","item":"https:\/\/classltd.com\/"},{"@type":"ListItem","position":2,"name":"External Links"}]},{"@type":"WebSite","@id":"https:\/\/classltd.com\/#website","url":"https:\/\/classltd.com\/","name":"clase instrumentaci\u00f3n ltd","description":"","publisher":{"@id":"https:\/\/classltd.com\/#organization"},"potentialAction":[{"@type":"SearchAction","target":{"@type":"EntryPoint","urlTemplate":"https:\/\/classltd.com\/?s={search_term_string}"},"query-input":{"@type":"PropertyValueSpecification","valueRequired":true,"valueName":"search_term_string"}}],"inLanguage":"es"},{"@type":"Organization","@id":"https:\/\/classltd.com\/#organization","name":"clase instrumentaci\u00f3n ltd","url":"https:\/\/classltd.com\/","logo":{"@type":"ImageObject","inLanguage":"es","@id":"https:\/\/classltd.com\/#\/schema\/logo\/image\/","url":"https:\/\/www.classltd.com\/wp-content\/uploads\/2024\/01\/class_logo_main2.png","contentUrl":"https:\/\/www.classltd.com\/wp-content\/uploads\/2024\/01\/class_logo_main2.png","width":632,"height":54,"caption":"Class Instrumentation Ltd"},"image":{"@id":"https:\/\/classltd.com\/#\/schema\/logo\/image\/"},"sameAs":["https:\/\/www.facebook.com\/ClassInstrumentation","https:\/\/x.com\/classltd","https:\/\/www.youtube.com\/user\/ClassInstrumentation"]}]}},"_links":{"self":[{"href":"https:\/\/classltd.com\/es\/wp-json\/wp\/v2\/pages\/3457","targetHints":{"allow":["GET"]}}],"collection":[{"href":"https:\/\/classltd.com\/es\/wp-json\/wp\/v2\/pages"}],"about":[{"href":"https:\/\/classltd.com\/es\/wp-json\/wp\/v2\/types\/page"}],"author":[{"embeddable":true,"href":"https:\/\/classltd.com\/es\/wp-json\/wp\/v2\/users\/1"}],"replies":[{"embeddable":true,"href":"https:\/\/classltd.com\/es\/wp-json\/wp\/v2\/comments?post=3457"}],"version-history":[{"count":7,"href":"https:\/\/classltd.com\/es\/wp-json\/wp\/v2\/pages\/3457\/revisions"}],"predecessor-version":[{"id":3459,"href":"https:\/\/classltd.com\/es\/wp-json\/wp\/v2\/pages\/3457\/revisions\/3459"}],"wp:attachment":[{"href":"https:\/\/classltd.com\/es\/wp-json\/wp\/v2\/media?parent=3457"}],"curies":[{"name":"wp","href":"https:\/\/api.w.org\/{rel}","templated":true}]}}