{"id":3390,"date":"2021-09-10T05:06:27","date_gmt":"2021-09-10T05:06:27","guid":{"rendered":"http:\/\/telsamedia.co.uk\/classinstrument\/?page_id=3390"},"modified":"2022-05-30T17:02:29","modified_gmt":"2022-05-30T17:02:29","slug":"politique-de-livraison","status":"publish","type":"page","link":"https:\/\/classltd.com\/fr\/delivery-policy\/","title":{"rendered":"Politique de livraison"},"content":{"rendered":"<p><div class=\"fusion-fullwidth fullwidth-box fusion-builder-row-1 fusion-flex-container nonhundred-percent-fullwidth non-hundred-percent-height-scrolling\" style=\"--awb-border-radius-top-left:0px;--awb-border-radius-top-right:0px;--awb-border-radius-bottom-right:0px;--awb-border-radius-bottom-left:0px;--awb-padding-top:100px;--awb-padding-bottom:100px;--awb-padding-top-medium:75px;--awb-padding-bottom-medium:75px;--awb-padding-top-small:50px;--awb-padding-bottom-small:50px;--awb-margin-bottom:-20px;--awb-flex-wrap:wrap;\" ><div class=\"fusion-builder-row fusion-row fusion-flex-align-items-flex-start fusion-flex-content-wrap\" style=\"max-width:1248px;margin-left: calc(-4% \/ 2 );margin-right: calc(-4% \/ 2 );\"><div class=\"fusion-layout-column fusion_builder_column fusion-builder-column-0 fusion_builder_column_1_1 1_1 fusion-flex-column\" style=\"--awb-bg-size:cover;--awb-border-color:#e4e4e4;--awb-border-style:solid;--awb-width-large:100%;--awb-margin-top-large:0px;--awb-spacing-right-large:1.92%;--awb-margin-bottom-large:00px;--awb-spacing-left-large:1.92%;--awb-width-medium:100%;--awb-order-medium:0;--awb-spacing-right-medium:1.92%;--awb-spacing-left-medium:1.92%;--awb-width-small:100%;--awb-order-small:0;--awb-spacing-right-small:1.92%;--awb-spacing-left-small:1.92%;\"><div class=\"fusion-column-wrapper fusion-column-has-shadow fusion-flex-justify-content-flex-start fusion-content-layout-column\"><div class=\"fusion-title title fusion-title-1 fusion-sep-none fusion-title-text fusion-title-size-one main-title\" style=\"--awb-margin-top:00px;--awb-margin-top-small:00px;--awb-margin-right-small:0px;--awb-margin-bottom-small:15px;--awb-margin-left-small:0px;--awb-margin-top-medium:00px;--awb-margin-bottom-medium:15px;\"><h1 class=\"fusion-title-heading title-heading-left\" style=\"margin:0;\">Politique de livraison<\/h1><\/div><div class=\"fusion-separator custome-sep\" style=\"align-self: flex-start;margin-right:auto;margin-top:0px;margin-bottom:30px;width:100%;max-width:120px;\"><div class=\"fusion-separator-border sep-single sep-solid\" style=\"--awb-height:20px;--awb-amount:20px;--awb-sep-color:#fc6a20;border-color:#fc6a20;border-top-width:4px;\"><\/div><\/div><div class=\"fusion-text fusion-text-1 delivery-text\"><p>En tant qu&#039;entreprise bas\u00e9e \u00e0 Londres, chez Class Instrumentation LTD, nous b\u00e9n\u00e9ficions d&#039;une large client\u00e8le dans le monde entier. Nous pensons que nos clients internationaux ne devraient pas souffrir \u00e0 cause de la distance entre eux et nous, c&#039;est pourquoi nous ne facturons JAMAIS de frais de livraison suppl\u00e9mentaires pour nos clients utilisateurs finaux, o\u00f9 qu&#039;ils se trouvent dans le monde. Nous pensons que vous ne pouvez pas mettre un prix sur les relations entre les entreprises et les consommateurs.<\/p>\n<p>Veuillez noter que nous ne prolongeons pas cette offre avec d&#039;autres r\u00e9ductions. Si vous ne savez pas si vous serez factur\u00e9 ou non, veuillez nous contacter pour toute demande de renseignements.<\/p>\n<p>Nous voulons que nos clients soient s\u00fbrs que lorsqu&#039;ils ach\u00e8teront nos unit\u00e9s, ils arriveront en toute s\u00e9curit\u00e9 et rapidement. Nous avons choisi DHL comme service de messagerie, car ils sont dignes de confiance et respect\u00e9s dans le monde entier, pour donner \u00e0 chaque client la tranquillit\u00e9 d&#039;esprit, ainsi qu&#039;\u00e0 nous-m\u00eames.<\/p>\n<h5>La livraison va prendre combien de temps?<\/h5>\n<p>Toutes les commandes pass\u00e9es chez nous avant 18 heures seront g\u00e9n\u00e9ralement exp\u00e9di\u00e9es le lendemain sur le service WorldWide Express.<\/p>\n<p>Toutes les livraisons au Royaume-Uni sont livr\u00e9es le lendemain.<\/p>\n<p>D\u00e8s que votre commande aura \u00e9t\u00e9 trait\u00e9e, nous vous informerons de la date de livraison pr\u00e9vue de vos produits et vous fournirons les informations de suivi de votre livraison d\u00e8s son exp\u00e9dition.<\/p>\n<h5>Comment suivre ma livraison ?<\/h5>\n<p>Vous pouvez suivre l&#039;\u00e9tat de votre livraison en utilisant votre num\u00e9ro de suivi DHL fourni dans l&#039;e-mail de notification d&#039;exp\u00e9dition que nous vous envoyons.<\/p>\n<ol>\n<li>Tout d&#039;abord, rendez-vous sur <a href=\"http:\/\/www.dhl.co.uk\/en\/express\/tracking.html\">http:\/\/www.dhl.co.uk\/en\/express\/tracking.html<\/a><\/li>\n<li>Entrez votre num\u00e9ro de suivi DHL dans la case et cliquez sur Soumettre.<\/li>\n<li>L&#039;\u00e9tat actuel de votre commande appara\u00eetra \u00e0 l&#039;\u00e9cran. Cliquez sur la fl\u00e8che rouge (\u00e0 c\u00f4t\u00e9 de votre num\u00e9ro de suivi) pour voir toutes les informations sur l&#039;\u00e9tat pr\u00e9c\u00e9dent.<\/li>\n<\/ol>\n<h5>Que faire si je rate ma livraison ?<\/h5>\n<p>En raison de la valeur des marchandises livr\u00e9es, une signature sera requise pour accepter la livraison. Si vous ne parvenez pas \u00e0 signer pour votre produit, vous pouvez r\u00e9organiser la livraison avec DHL.<\/p>\n<h5>Les petits caract\u00e8res<\/h5>\n<p>Nous ne pouvons livrer qu&#039;aux adresses postales, DHL n&#039;acceptera pas de destination de bo\u00eete postale. Les commandes seront exp\u00e9di\u00e9es le jour ouvrable suivant sur la base que le paiement a \u00e9t\u00e9 re\u00e7u par notre banque et que le stock est disponible.<\/p>\n<\/div><\/div><\/div><\/div><\/div><div class=\"fusion-fullwidth fullwidth-box fusion-builder-row-2 fusion-flex-container nonhundred-percent-fullwidth non-hundred-percent-height-scrolling\" style=\"--awb-border-radius-top-left:0px;--awb-border-radius-top-right:0px;--awb-border-radius-bottom-right:0px;--awb-border-radius-bottom-left:0px;--awb-padding-right:0px;--awb-padding-bottom:100px;--awb-padding-left:0px;--awb-padding-bottom-medium:75px;--awb-padding-bottom-small:50px;--awb-flex-wrap:wrap;\" ><div class=\"fusion-builder-row fusion-row fusion-flex-align-items-flex-start fusion-flex-content-wrap\" style=\"max-width:1248px;margin-left: calc(-4% \/ 2 );margin-right: calc(-4% \/ 2 );\"><div class=\"fusion-layout-column fusion_builder_column fusion-builder-column-1 fusion_builder_column_1_1 1_1 fusion-flex-column\" style=\"--awb-padding-top:50px;--awb-padding-right:50px;--awb-padding-bottom:50px;--awb-padding-left:50px;--awb-padding-top-medium:30px;--awb-padding-right-medium:30px;--awb-padding-bottom-medium:30px;--awb-padding-left-medium:30px;--awb-padding-top-small:25px;--awb-padding-right-small:25px;--awb-padding-bottom-small:25px;--awb-padding-left-small:25px;--awb-bg-color:rgba(0,0,0,0.7);--awb-bg-color-hover:rgba(0,0,0,0.7);--awb-bg-position:center center;--awb-bg-blend:overlay;--awb-bg-size:cover;--awb-width-large:100%;--awb-margin-top-large:0px;--awb-spacing-right-large:1.92%;--awb-margin-bottom-large:00px;--awb-spacing-left-large:1.92%;--awb-width-medium:100%;--awb-order-medium:0;--awb-spacing-right-medium:1.92%;--awb-spacing-left-medium:1.92%;--awb-width-small:100%;--awb-order-small:0;--awb-spacing-right-small:1.92%;--awb-spacing-left-small:1.92%;\"><div class=\"fusion-column-wrapper lazyload fusion-column-has-shadow fusion-flex-justify-content-flex-start fusion-content-layout-column fusion-column-has-bg-image\" data-bg-url=\"https:\/\/www.classltd.com\/wp-content\/uploads\/2021\/09\/delivery-slider3.jpg\" data-bg=\"https:\/\/www.classltd.com\/wp-content\/uploads\/2021\/09\/delivery-slider3.jpg\"><div class=\"fusion-title title fusion-title-2 fusion-sep-none fusion-title-center fusion-title-text fusion-title-size-two\" style=\"--awb-text-color:#ffffff;--awb-margin-top:00px;--awb-margin-bottom:00px;--awb-margin-top-small:00px;--awb-margin-right-small:0px;--awb-margin-bottom-small:00px;--awb-margin-left-small:0px;--awb-margin-top-medium:00px;--awb-margin-bottom-medium:00px;\"><h2 class=\"fusion-title-heading title-heading-center\" style=\"margin:0;\">Exp\u00e9ditions mondiales avec signature<br \/>\npour les coursiers s\u00e9curis\u00e9s<\/h2><\/div><\/div><\/div><\/div><\/div><div class=\"fusion-fullwidth fullwidth-box fusion-builder-row-3 fusion-flex-container fusion-parallax-none nonhundred-percent-fullwidth non-hundred-percent-height-scrolling lazyload\" style=\"--awb-border-radius-top-left:0px;--awb-border-radius-top-right:0px;--awb-border-radius-bottom-right:0px;--awb-border-radius-bottom-left:0px;--awb-padding-top:50px;--awb-padding-bottom:30px;--awb-background-color:#f08421;--awb-background-size:cover;--awb-flex-wrap:wrap;\" data-bg=\"https:\/\/www.classltd.com\/wp-content\/uploads\/2021\/09\/map-2.png\" ><div class=\"fusion-builder-row fusion-row fusion-flex-align-items-flex-start fusion-flex-justify-content-center fusion-flex-content-wrap\" style=\"max-width:1248px;margin-left: calc(-4% \/ 2 );margin-right: calc(-4% \/ 2 );\"><div class=\"fusion-layout-column fusion_builder_column fusion-builder-column-2 fusion_builder_column_3_5 3_5 fusion-flex-column\" style=\"--awb-bg-size:cover;--awb-width-large:60%;--awb-margin-top-large:0px;--awb-spacing-right-large:3.2%;--awb-margin-bottom-large:00px;--awb-spacing-left-large:3.2%;--awb-width-medium:100%;--awb-order-medium:0;--awb-spacing-right-medium:1.92%;--awb-spacing-left-medium:1.92%;--awb-width-small:100%;--awb-order-small:0;--awb-spacing-right-small:1.92%;--awb-spacing-left-small:1.92%;\"><div class=\"fusion-column-wrapper fusion-column-has-shadow fusion-flex-justify-content-flex-start fusion-content-layout-column\"><div class=\"fusion-title title fusion-title-3 fusion-sep-none fusion-title-text fusion-title-size-three main-title\" style=\"--awb-text-color:#ffffff;--awb-margin-top:00px;--awb-margin-top-small:00px;--awb-margin-right-small:0px;--awb-margin-bottom-small:15px;--awb-margin-left-small:0px;--awb-margin-top-medium:00px;--awb-margin-bottom-medium:15px;\"><h3 class=\"fusion-title-heading title-heading-left\" style=\"margin:0;\">Concepteurs et fabricants de premier plan au monde<\/h3><\/div><div class=\"fusion-separator\" style=\"align-self: flex-start;margin-right:auto;margin-top:0px;margin-bottom:30px;width:100%;max-width:120px;\"><div class=\"fusion-separator-border sep-single sep-solid\" style=\"--awb-height:20px;--awb-amount:20px;--awb-sep-color:#00235a;border-color:#00235a;border-top-width:4px;\"><\/div><\/div><div class=\"fusion-builder-row fusion-builder-row-inner fusion-row fusion-flex-align-items-flex-start fusion-flex-justify-content-center fusion-flex-content-wrap\" style=\"--awb-flex-grow:0;--awb-flex-grow-medium:0;--awb-flex-grow-small:0;--awb-flex-shrink:0;--awb-flex-shrink-medium:0;--awb-flex-shrink-small:0;width:104% !important;max-width:104% !important;margin-left: calc(-4% \/ 2 );margin-right: calc(-4% \/ 2 );\"><div class=\"fusion-layout-column fusion_builder_column_inner fusion-builder-nested-column-0 fusion-flex-column\" style=\"--awb-bg-size:cover;--awb-width-large:auto;--awb-margin-top-large:0px;--awb-spacing-right-large:2%;--awb-margin-bottom-large:20px;--awb-spacing-left-large:2%;--awb-width-medium:auto;--awb-order-medium:0;--awb-spacing-right-medium:2%;--awb-spacing-left-medium:2%;--awb-width-small:100%;--awb-order-small:0;--awb-spacing-right-small:1.92%;--awb-spacing-left-small:1.92%;\"><div class=\"fusion-column-wrapper fusion-column-has-shadow fusion-flex-justify-content-flex-start fusion-content-layout-column\"><div class=\"fusion-image-element\" style=\"--awb-max-width:100px;--awb-caption-title-font-family:var(--h2_typography-font-family);--awb-caption-title-font-weight:var(--h2_typography-font-weight);--awb-caption-title-font-style:var(--h2_typography-font-style);--awb-caption-title-size:var(--h2_typography-font-size);--awb-caption-title-transform:var(--h2_typography-text-transform);--awb-caption-title-line-height:var(--h2_typography-line-height);--awb-caption-title-letter-spacing:var(--h2_typography-letter-spacing);\"><span class=\"fusion-imageframe imageframe-none imageframe-1 hover-type-none\"><img decoding=\"async\" width=\"228\" height=\"184\" alt=\"Con\u00e7u et fabriqu\u00e9 en Grande-Bretagne\" title=\"Con\u00e7u et fabriqu\u00e9 en Grande-Bretagne\" src=\"https:\/\/classltd.com\/wp-content\/uploads\/2021\/09\/images.png\" data-orig-src=\"https:\/\/www.classltd.com\/wp-content\/uploads\/2021\/09\/images.png\" class=\"lazyload img-responsive wp-image-1174\" srcset=\"data:image\/svg+xml,%3Csvg%20xmlns%3D%27http%3A%2F%2Fwww.w3.org%2F2000%2Fsvg%27%20width%3D%27228%27%20height%3D%27184%27%20viewBox%3D%270%200%20228%20184%27%3E%3Crect%20width%3D%27228%27%20height%3D%27184%27%20fill-opacity%3D%220%22%2F%3E%3C%2Fsvg%3E\" data-srcset=\"https:\/\/classltd.com\/wp-content\/uploads\/2021\/09\/images-200x161.png 200w, https:\/\/classltd.com\/wp-content\/uploads\/2021\/09\/images.png 228w\" data-sizes=\"auto\" data-orig-sizes=\"(max-width: 640px) 100vw, 228px\" \/><\/span><\/div><\/div><\/div><div class=\"fusion-layout-column fusion_builder_column_inner fusion-builder-nested-column-1 fusion_builder_column_inner_5_6 5_6 fusion-flex-column\" style=\"--awb-bg-size:cover;--awb-width-large:83.333333333333%;--awb-margin-top-large:0px;--awb-spacing-right-large:2.304%;--awb-margin-bottom-large:00px;--awb-spacing-left-large:2.304%;--awb-width-medium:83.333333333333%;--awb-order-medium:0;--awb-spacing-right-medium:2.304%;--awb-spacing-left-medium:2.304%;--awb-width-small:100%;--awb-order-small:0;--awb-spacing-right-small:1.92%;--awb-spacing-left-small:1.92%;\"><div class=\"fusion-column-wrapper fusion-column-has-shadow fusion-flex-justify-content-flex-start fusion-content-layout-column\"><div class=\"fusion-text fusion-text-2\" style=\"--awb-text-color:#ffffff;\"><p>Nous sommes fiers d&#039;\u00eatre des concepteurs et des fabricants britanniques de testeurs d&#039;int\u00e9grit\u00e9 de l&#039;eau \u00e0 ultrasons, d&#039;indicateurs de niveau de liquide et d&#039;\u00e9quipements de test non destructifs.<\/p>\n<\/div><\/div><\/div><\/div><div ><a class=\"fusion-button button-flat fusion-button-default-size button-custom fusion-button-default button-1 fusion-button-default-span fusion-button-default-type\" style=\"--button_accent_color:#ffffff;--button_accent_hover_color:#ffffff;--button_border_hover_color:#ffffff;--button_gradient_top_color:#00235a;--button_gradient_bottom_color:#00235a;--button_gradient_top_color_hover:#f08421;--button_gradient_bottom_color_hover:#f08421;\" target=\"_self\" href=\"https:\/\/classltd.com\/fr\/equipement-de-test-ultrasonique\/\"><span class=\"fusion-button-text awb-button__text awb-button__text--default\">derniers produits<\/span><i class=\"fa-long-arrow-right fal awb-button__icon awb-button__icon--default button-icon-right\" aria-hidden=\"true\"><\/i><\/a><\/div><\/div><\/div><div class=\"fusion-layout-column fusion_builder_column fusion-builder-column-3 fusion_builder_column_2_5 2_5 fusion-flex-column\" style=\"--awb-padding-top:40px;--awb-padding-right:15px;--awb-padding-left:15px;--awb-bg-color:#ffffff;--awb-bg-color-hover:#ffffff;--awb-bg-size:cover;--awb-width-large:40%;--awb-margin-top-large:0px;--awb-spacing-right-large:4.8%;--awb-margin-bottom-large:20px;--awb-spacing-left-large:4.8%;--awb-width-medium:100%;--awb-order-medium:0;--awb-spacing-right-medium:1.92%;--awb-spacing-left-medium:1.92%;--awb-width-small:100%;--awb-order-small:0;--awb-spacing-right-small:1.92%;--awb-spacing-left-small:1.92%;\"><div class=\"fusion-column-wrapper fusion-column-has-shadow fusion-flex-justify-content-flex-start fusion-content-layout-column\"><div class=\"fusion-content-boxes content-boxes columns row fusion-columns-1 fusion-columns-total-1 fusion-content-boxes-1 content-boxes-icon-on-top content-left\" style=\"--awb-title-color:#150e81;--awb-margin-bottom:-20px;--awb-hover-accent-color:#150e81;--awb-circle-hover-accent-color:#150e81;--awb-item-margin-bottom:40px;\" data-animationoffset=\"top-into-view\"><div style=\"--awb-backgroundcolor:rgba(255,255,255,0);\" class=\"fusion-column content-box-column content-box-column content-box-column-1 col-lg-12 col-md-12 col-sm-12 fusion-content-box-hover content-box-column-last content-box-column-last-in-row\"><div class=\"col content-box-wrapper content-wrapper link-area-link-icon content-icon-wrapper-yes icon-hover-animation-fade\" data-animationoffset=\"top-into-view\"><div class=\"heading heading-with-icon icon-left\"><div aria-hidden=\"true\" class=\"image\"><img decoding=\"async\" class=\"lazyload\" src=\"data:image\/svg+xml,%3Csvg%20xmlns%3D%27http%3A%2F%2Fwww.w3.org%2F2000%2Fsvg%27%20width%3D%271000%27%20height%3D%27313%27%20viewBox%3D%270%200%201000%20313%27%3E%3Crect%20width%3D%271000%27%20height%3D%27313%27%20fill-opacity%3D%220%22%2F%3E%3C%2Fsvg%3E\" data-orig-src=\"https:\/\/www.classltd.com\/wp-content\/uploads\/2021\/10\/55.png\" width=\"600\" height=\"187.8\" alt=\"\" \/><\/div><h2 class=\"content-box-heading\" style=\"--h2_typography-font-size:24px;line-height:29px;\">Nous sommes la seule entreprise \u00e0 proposer un recalibrage de nos produits tous les 5 ans<\/h2><\/div><\/div><\/div><div class=\"fusion-clearfix\"><\/div><\/div><\/div><\/div><\/div><\/div>\n<\/p>","protected":false},"excerpt":{"rendered":"","protected":false},"author":1,"featured_media":0,"parent":0,"menu_order":0,"comment_status":"closed","ping_status":"closed","template":"100-width.php","meta":{"footnotes":""},"class_list":["post-3390","page","type-page","status-publish","hentry"],"yoast_head":"<!-- This site is optimized with the Yoast SEO plugin v27.4 - https:\/\/yoast.com\/product\/yoast-seo-wordpress\/ -->\r\n<title>Delivery Policy | Quick &amp; Safe | Class Instrumentation Ltd<\/title>\r\n<meta name=\"description\" content=\"Please Check Out Our Delivery Policy, Shipping Charges, Delivery Duration and How to Track Your Order. For More Details Call Us @+442083332288.\" \/>\r\n<meta name=\"robots\" content=\"index, follow, max-snippet:-1, max-image-preview:large, max-video-preview:-1\" \/>\r\n<link rel=\"canonical\" href=\"https:\/\/www.classltd.com\/delivery-policy\/\" \/>\r\n<meta property=\"og:locale\" content=\"fr_FR\" \/>\r\n<meta property=\"og:type\" content=\"article\" \/>\r\n<meta property=\"og:title\" content=\"Delivery Policy | Quick &amp; Safe | Class Instrumentation Ltd\" \/>\r\n<meta property=\"og:description\" content=\"Please Check Out Our Delivery Policy, Shipping Charges, Delivery Duration and How to Track Your Order. For More Details Call Us @+442083332288.\" \/>\r\n<meta property=\"og:url\" content=\"https:\/\/www.classltd.com\/delivery-policy\/\" \/>\r\n<meta property=\"og:site_name\" content=\"Class Instrumentation Ltd\" \/>\r\n<meta property=\"article:publisher\" content=\"https:\/\/www.facebook.com\/ClassInstrumentation\" \/>\r\n<meta property=\"article:modified_time\" content=\"2022-05-30T17:02:29+00:00\" \/>\r\n<meta name=\"twitter:card\" content=\"summary_large_image\" \/>\r\n<meta name=\"twitter:site\" content=\"@classltd\" \/>\r\n<meta name=\"twitter:label1\" content=\"Dur\u00e9e de lecture estim\u00e9e\" \/>\n\t<meta name=\"twitter:data1\" content=\"10 minutes\" \/>\r\n<!-- \/ Yoast SEO plugin. -->","yoast_head_json":{"title":"Politique de livraison | Rapide et s\u00fbr | Classe Instrumentation Ltd","description":"Veuillez consulter notre politique de livraison, les frais d&#039;exp\u00e9dition, la dur\u00e9e de livraison et comment suivre votre commande. Pour plus de d\u00e9tails, appelez-nous au +442083332288.","robots":{"index":"index","follow":"follow","max-snippet":"max-snippet:-1","max-image-preview":"max-image-preview:large","max-video-preview":"max-video-preview:-1"},"canonical":"https:\/\/www.classltd.com\/delivery-policy\/","og_locale":"fr_FR","og_type":"article","og_title":"Delivery Policy | Quick & Safe | Class Instrumentation Ltd","og_description":"Please Check Out Our Delivery Policy, Shipping Charges, Delivery Duration and How to Track Your Order. For More Details Call Us @+442083332288.","og_url":"https:\/\/www.classltd.com\/delivery-policy\/","og_site_name":"Class Instrumentation Ltd","article_publisher":"https:\/\/www.facebook.com\/ClassInstrumentation","article_modified_time":"2022-05-30T17:02:29+00:00","twitter_card":"summary_large_image","twitter_site":"@classltd","twitter_misc":{"Dur\u00e9e de lecture estim\u00e9e":"10 minutes"},"schema":{"@context":"https:\/\/schema.org","@graph":[{"@type":"WebPage","@id":"https:\/\/www.classltd.com\/delivery-policy\/","url":"https:\/\/www.classltd.com\/delivery-policy\/","name":"Politique de livraison | Rapide et s\u00fbr | Classe Instrumentation Ltd","isPartOf":{"@id":"https:\/\/www.classltd.com\/#website"},"datePublished":"2021-09-10T05:06:27+00:00","dateModified":"2022-05-30T17:02:29+00:00","description":"Veuillez consulter notre politique de livraison, les frais d&#039;exp\u00e9dition, la dur\u00e9e de livraison et comment suivre votre commande. Pour plus de d\u00e9tails, appelez-nous au +442083332288.","breadcrumb":{"@id":"https:\/\/www.classltd.com\/delivery-policy\/#breadcrumb"},"inLanguage":"fr-FR","potentialAction":[{"@type":"ReadAction","target":["https:\/\/www.classltd.com\/delivery-policy\/"]}]},{"@type":"BreadcrumbList","@id":"https:\/\/www.classltd.com\/delivery-policy\/#breadcrumb","itemListElement":[{"@type":"ListItem","position":1,"name":"Home","item":"https:\/\/www.classltd.com\/"},{"@type":"ListItem","position":2,"name":"Delivery Policy"}]},{"@type":"WebSite","@id":"https:\/\/www.classltd.com\/#website","url":"https:\/\/www.classltd.com\/","name":"Classe Instrumentation Ltd","description":"","publisher":{"@id":"https:\/\/www.classltd.com\/#organization"},"potentialAction":[{"@type":"SearchAction","target":{"@type":"EntryPoint","urlTemplate":"https:\/\/www.classltd.com\/?s={search_term_string}"},"query-input":{"@type":"PropertyValueSpecification","valueRequired":true,"valueName":"search_term_string"}}],"inLanguage":"fr-FR"},{"@type":"Organization","@id":"https:\/\/www.classltd.com\/#organization","name":"Classe Instrumentation Ltd","url":"https:\/\/www.classltd.com\/","logo":{"@type":"ImageObject","inLanguage":"fr-FR","@id":"https:\/\/www.classltd.com\/#\/schema\/logo\/image\/","url":"https:\/\/www.classltd.com\/wp-content\/uploads\/2024\/01\/class_logo_main2.png","contentUrl":"https:\/\/www.classltd.com\/wp-content\/uploads\/2024\/01\/class_logo_main2.png","width":632,"height":54,"caption":"Class Instrumentation Ltd"},"image":{"@id":"https:\/\/www.classltd.com\/#\/schema\/logo\/image\/"},"sameAs":["https:\/\/www.facebook.com\/ClassInstrumentation","https:\/\/x.com\/classltd","https:\/\/www.youtube.com\/user\/ClassInstrumentation"]}]}},"_links":{"self":[{"href":"https:\/\/classltd.com\/fr\/wp-json\/wp\/v2\/pages\/3390","targetHints":{"allow":["GET"]}}],"collection":[{"href":"https:\/\/classltd.com\/fr\/wp-json\/wp\/v2\/pages"}],"about":[{"href":"https:\/\/classltd.com\/fr\/wp-json\/wp\/v2\/types\/page"}],"author":[{"embeddable":true,"href":"https:\/\/classltd.com\/fr\/wp-json\/wp\/v2\/users\/1"}],"replies":[{"embeddable":true,"href":"https:\/\/classltd.com\/fr\/wp-json\/wp\/v2\/comments?post=3390"}],"version-history":[{"count":0,"href":"https:\/\/classltd.com\/fr\/wp-json\/wp\/v2\/pages\/3390\/revisions"}],"wp:attachment":[{"href":"https:\/\/classltd.com\/fr\/wp-json\/wp\/v2\/media?parent=3390"}],"curies":[{"name":"wp","href":"https:\/\/api.w.org\/{rel}","templated":true}]}}