{"id":3457,"date":"2021-09-10T07:05:17","date_gmt":"2021-09-10T07:05:17","guid":{"rendered":"http:\/\/telsamedia.co.uk\/classinstrument\/?page_id=3457"},"modified":"2022-05-30T17:04:00","modified_gmt":"2022-05-30T17:04:00","slug":"liens-externes","status":"publish","type":"page","link":"https:\/\/classltd.com\/fr\/external-links\/","title":{"rendered":"Liens externes"},"content":{"rendered":"<p><div class=\"fusion-fullwidth fullwidth-box fusion-builder-row-1 fusion-flex-container nonhundred-percent-fullwidth non-hundred-percent-height-scrolling\" style=\"--awb-border-radius-top-left:0px;--awb-border-radius-top-right:0px;--awb-border-radius-bottom-right:0px;--awb-border-radius-bottom-left:0px;--awb-padding-top:100px;--awb-padding-bottom:100px;--awb-padding-top-medium:75px;--awb-padding-bottom-medium:75px;--awb-padding-top-small:50px;--awb-padding-bottom-small:50px;--awb-margin-bottom:-20px;--awb-flex-wrap:wrap;\" ><div class=\"fusion-builder-row fusion-row fusion-flex-align-items-flex-start fusion-flex-content-wrap\" style=\"max-width:1248px;margin-left: calc(-4% \/ 2 );margin-right: calc(-4% \/ 2 );\"><div class=\"fusion-layout-column fusion_builder_column fusion-builder-column-0 fusion_builder_column_1_1 1_1 fusion-flex-column\" style=\"--awb-bg-size:cover;--awb-border-color:#e4e4e4;--awb-border-style:solid;--awb-width-large:100%;--awb-margin-top-large:0px;--awb-spacing-right-large:1.92%;--awb-margin-bottom-large:00px;--awb-spacing-left-large:1.92%;--awb-width-medium:100%;--awb-order-medium:0;--awb-spacing-right-medium:1.92%;--awb-spacing-left-medium:1.92%;--awb-width-small:100%;--awb-order-small:0;--awb-spacing-right-small:1.92%;--awb-spacing-left-small:1.92%;\"><div class=\"fusion-column-wrapper fusion-column-has-shadow fusion-flex-justify-content-flex-start fusion-content-layout-column\"><div class=\"fusion-title title fusion-title-1 fusion-sep-none fusion-title-text fusion-title-size-one main-title\" style=\"--awb-margin-top:00px;--awb-margin-top-small:00px;--awb-margin-right-small:0px;--awb-margin-bottom-small:15px;--awb-margin-left-small:0px;--awb-margin-top-medium:00px;--awb-margin-bottom-medium:15px;\"><h1 class=\"fusion-title-heading title-heading-left\" style=\"margin:0;\">Liens externes<\/h1><\/div><div class=\"fusion-separator custome-sep\" style=\"align-self: flex-start;margin-right:auto;margin-top:0px;margin-bottom:30px;width:100%;max-width:120px;\"><div class=\"fusion-separator-border sep-single sep-solid\" style=\"--awb-height:20px;--awb-amount:20px;--awb-sep-color:#fc6a20;border-color:#fc6a20;border-top-width:4px;\"><\/div><\/div><div class=\"fusion-text fusion-text-1 External-Links\"><p>Nous avons fourni une liste de sites Web susceptibles d&#039;int\u00e9resser nos clients de tests par ultrasons, dont plusieurs permettent des mises \u00e0 jour r\u00e9guli\u00e8res gratuites de la newsletter concernant les changements de r\u00e9glementation et les tendances de l&#039;industrie.<\/p>\n<h4>Publications marines<\/h4>\n<p>Aliz\u00e9s <a href=\"http:\/\/www.tradewinds.no\/\" target=\"_blank\" rel=\"noopener noreferrer\">http:\/\/www.tradewinds.no<\/a><br \/>\nNouvelles de la navigation hell\u00e9nique <a href=\"http:\/\/www.hellenicshippingnews.com\/\" target=\"_blank\" rel=\"noopener noreferrer\">http:\/\/www.hellenicshippingnews.com<\/a><br \/>\nJournal marin <a href=\"http:\/\/www.marinelog.com\/\" target=\"_blank\" rel=\"noopener noreferrer\">http:\/\/www.marinelog.com<\/a><br \/>\nActualit\u00e9s maritimes mondiales <a href=\"http:\/\/www.worldmaritimenews.com\/\" target=\"_blank\" rel=\"noopener noreferrer\">http:\/\/www.worldmaritimenews.com<\/a><br \/>\nLien marin <a href=\"http:\/\/www.marinelink.com\/\" target=\"_blank\" rel=\"noopener noreferrer\">http:\/\/www.marinelink.com<\/a><br \/>\nMaritime aujourd&#039;hui <a href=\"http:\/\/www.maritimetoday.com\/\" target=\"_blank\" rel=\"noopener noreferrer\">http:\/\/www.maritimetoday.com<\/a><\/p>\n<h4>Publications sur la s\u00e9curit\u00e9 incendie<\/h4>\n<p>Le grand guide rouge <a href=\"http:\/\/www.thebigredguide.com\/\" target=\"_blank\" rel=\"noopener noreferrer\">http:\/\/www.thebigredguide.com<\/a><\/p>\n<h4>Publications CND<\/h4>\n<p>Institut britannique <a href=\"http:\/\/www.bindt.org\/Publications\/NDT-News\" target=\"_blank\" rel=\"noopener noreferrer\">http:\/\/www.bindt.org\/Publications\/NDT-News<\/a><br \/>\nLa cabine CND <a href=\"http:\/\/www.ndtcabin.com\/\" target=\"_blank\" rel=\"noopener noreferrer\">http:\/\/www.ndtcabin.com<\/a><\/p>\n<h4>Organismes de formation maritime<\/h4>\n<p>Institut maritime du Pacifique <a href=\"http:\/\/www.mates.org\/\" target=\"_blank\" rel=\"noopener noreferrer\">http:\/\/www.mates.org<\/a><br \/>\nInstitut maritime de technologie et d&#039;\u00e9tudes sup\u00e9rieures <a href=\"http:\/\/mitags-pmi.org\/\" target=\"_blank\" rel=\"noopener noreferrer\">http:\/\/mitags-pmi.org<\/a><\/p>\n<h4>Organismes professionnels de la marine<\/h4>\n<p>L&#039;institut nautique <a href=\"http:\/\/www.nautinst.org\/\" target=\"_blank\" rel=\"noopener noreferrer\">http:\/\/www.nautinst.org<\/a><br \/>\nLa Soci\u00e9t\u00e9 des inspecteurs maritimes accr\u00e9dit\u00e9s <a href=\"http:\/\/www.marinesurvey.org\/\" target=\"_blank\" rel=\"noopener noreferrer\">http:\/\/www.marinesurvey.org<\/a><br \/>\nL&#039;Association nationale des inspecteurs maritimes <a href=\"http:\/\/www.namsglobal.org\/\" target=\"_blank\" rel=\"noopener noreferrer\">http:\/\/www.namsglobal.org<\/a><br \/>\nL&#039;Institut international des inspecteurs maritimes <a href=\"http:\/\/www.iims.org.uk\/\" target=\"_blank\" rel=\"noopener noreferrer\">http:\/\/www.iims.org.uk<\/a><\/p>\n<h4>Organismes de r\u00e9glementation maritime<\/h4>\n<p>Organisation maritime internationale <a href=\"http:\/\/www.imo.org\/\" target=\"_blank\" rel=\"noopener noreferrer\">http:\/\/www.imo.org<\/a><br \/>\nAssociation internationale des soci\u00e9t\u00e9s de classification <a href=\"http:\/\/www.iacs.org.uk\/\" target=\"_blank\" rel=\"noopener noreferrer\">http:\/\/www.iacs.org.uk<\/a><br \/>\nDirective sur les \u00e9quipements marins <a href=\"http:\/\/www.mared.org\/\" target=\"_blank\" rel=\"noopener noreferrer\">http:\/\/www.mared.org<\/a><br \/>\nAgence maritime et garde-c\u00f4tes <a href=\"http:\/\/www.mcga.gov.uk\/\" target=\"_blank\" rel=\"noopener noreferrer\">http:\/\/www.mcga.gov.uk<\/a><\/p>\n<h4>Soci\u00e9t\u00e9s de classification maritime<\/h4>\n<p>Bureau am\u00e9ricain de la soci\u00e9t\u00e9 de classification maritime <a href=\"http:\/\/www.eagle.org\/\" target=\"_blank\" rel=\"noopener noreferrer\">http:\/\/www.eagle.org<\/a><br \/>\nBureau Veritas <a href=\"http:\/\/www.imo.org\/\" target=\"_blank\" rel=\"noopener noreferrer\">http:\/\/www.imo.org<\/a><br \/>\nSoci\u00e9t\u00e9 de classification chinoise <a href=\"http:\/\/www.ccs.org.cn\/\" target=\"_blank\" rel=\"noopener noreferrer\">http:\/\/www.ccs.org.cn<\/a><br \/>\nDet Norske Veritas <a href=\"http:\/\/www.dnv.com\/\" target=\"_blank\" rel=\"noopener noreferrer\">http:\/\/www.dnv.com<\/a><\/p>\n<p>Registre indien de la navigation <a href=\"http:\/\/www.irclass.org\/\" target=\"_blank\" rel=\"noopener noreferrer\">http:\/\/www.irclass.org<\/a><br \/>\nRegistre cor\u00e9en <a href=\"http:\/\/www.krs.co.kr\/\" target=\"_blank\" rel=\"noopener noreferrer\">http:\/\/www.krs.co.kr<\/a><br \/>\nRegistre Lloyds <a href=\"http:\/\/www.lr.org\/\" target=\"_blank\" rel=\"noopener noreferrer\">http:\/\/www.lr.org<\/a><br \/>\nNippon Kaiji Kyokai <a href=\"http:\/\/www.classnk.or.jp\/\" target=\"_blank\" rel=\"noopener noreferrer\">http:\/\/www.classnk.or.jp<\/a><br \/>\nRINA <a href=\"http:\/\/www.rina.org\/\" target=\"_blank\" rel=\"noopener noreferrer\">http:\/\/www.rina.org<\/a><br \/>\nRegistre maritime russe de la navigation <a href=\"http:\/\/www.rs-head.spb.ru\/\" target=\"_blank\" rel=\"noopener noreferrer\">http:\/\/www.rs-head.spb.ru<\/a><\/p>\n<\/div><\/div><\/div><\/div><\/div><div class=\"fusion-fullwidth fullwidth-box fusion-builder-row-2 fusion-flex-container fusion-parallax-none nonhundred-percent-fullwidth non-hundred-percent-height-scrolling lazyload\" style=\"--awb-border-radius-top-left:0px;--awb-border-radius-top-right:0px;--awb-border-radius-bottom-right:0px;--awb-border-radius-bottom-left:0px;--awb-background-color:#f08421;--awb-background-size:cover;--awb-flex-wrap:wrap;\" data-bg=\"https:\/\/www.classltd.com\/wp-content\/uploads\/2021\/09\/map-2.png\" ><\/div>\n<\/p>","protected":false},"excerpt":{"rendered":"","protected":false},"author":1,"featured_media":0,"parent":0,"menu_order":0,"comment_status":"closed","ping_status":"closed","template":"100-width.php","meta":{"footnotes":""},"class_list":["post-3457","page","type-page","status-publish","hentry"],"yoast_head":"<!-- This site is optimized with the Yoast SEO plugin v27.4 - https:\/\/yoast.com\/product\/yoast-seo-wordpress\/ -->\r\n<title>Useful Links | Ultrasonic Testing &amp; Marine Safety<\/title>\r\n<meta name=\"description\" content=\"Curated external resources on ultrasonic NDT, marine safety, hatch cover regulations, P&amp;I clubs and industry training bodies. By Class Instrumentation.\" \/>\r\n<meta name=\"robots\" content=\"index, follow, max-snippet:-1, max-image-preview:large, max-video-preview:-1\" \/>\r\n<link rel=\"canonical\" href=\"https:\/\/classltd.com\/fr\/liens-externes\/\" \/>\r\n<meta property=\"og:locale\" content=\"fr_FR\" \/>\r\n<meta property=\"og:type\" content=\"article\" \/>\r\n<meta property=\"og:title\" content=\"Useful Links | Ultrasonic Testing &amp; Marine Safety\" \/>\r\n<meta property=\"og:description\" content=\"Curated external resources on ultrasonic NDT, marine safety, hatch cover regulations, P&amp;I clubs and industry training bodies. By Class Instrumentation.\" \/>\r\n<meta property=\"og:url\" content=\"https:\/\/classltd.com\/fr\/liens-externes\/\" \/>\r\n<meta property=\"og:site_name\" content=\"Class Instrumentation Ltd\" \/>\r\n<meta property=\"article:publisher\" content=\"https:\/\/www.facebook.com\/ClassInstrumentation\" \/>\r\n<meta property=\"article:modified_time\" content=\"2022-05-30T17:04:00+00:00\" \/>\r\n<meta name=\"twitter:card\" content=\"summary_large_image\" \/>\r\n<meta name=\"twitter:site\" content=\"@classltd\" \/>\r\n<meta name=\"twitter:label1\" content=\"Dur\u00e9e de lecture estim\u00e9e\" \/>\n\t<meta name=\"twitter:data1\" content=\"6 minutes\" \/>\r\n<!-- \/ Yoast SEO plugin. -->","yoast_head_json":{"title":"Useful Links | Ultrasonic Testing & Marine Safety","description":"Curated external resources on ultrasonic NDT, marine safety, hatch cover regulations, P&I clubs and industry training bodies. By Class Instrumentation.","robots":{"index":"index","follow":"follow","max-snippet":"max-snippet:-1","max-image-preview":"max-image-preview:large","max-video-preview":"max-video-preview:-1"},"canonical":"https:\/\/classltd.com\/fr\/liens-externes\/","og_locale":"fr_FR","og_type":"article","og_title":"Useful Links | Ultrasonic Testing & Marine Safety","og_description":"Curated external resources on ultrasonic NDT, marine safety, hatch cover regulations, P&I clubs and industry training bodies. By Class Instrumentation.","og_url":"https:\/\/classltd.com\/fr\/liens-externes\/","og_site_name":"Class Instrumentation Ltd","article_publisher":"https:\/\/www.facebook.com\/ClassInstrumentation","article_modified_time":"2022-05-30T17:04:00+00:00","twitter_card":"summary_large_image","twitter_site":"@classltd","twitter_misc":{"Dur\u00e9e de lecture estim\u00e9e":"6 minutes"},"schema":{"@context":"https:\/\/schema.org","@graph":[{"@type":"WebPage","@id":"https:\/\/classltd.com\/external-links\/","url":"https:\/\/classltd.com\/external-links\/","name":"Useful Links | Ultrasonic Testing & Marine Safety","isPartOf":{"@id":"https:\/\/www.classltd.com\/#website"},"datePublished":"2021-09-10T07:05:17+00:00","dateModified":"2022-05-30T17:04:00+00:00","description":"Curated external resources on ultrasonic NDT, marine safety, hatch cover regulations, P&I clubs and industry training bodies. By Class Instrumentation.","breadcrumb":{"@id":"https:\/\/classltd.com\/external-links\/#breadcrumb"},"inLanguage":"fr-FR","potentialAction":[{"@type":"ReadAction","target":["https:\/\/classltd.com\/external-links\/"]}]},{"@type":"BreadcrumbList","@id":"https:\/\/classltd.com\/external-links\/#breadcrumb","itemListElement":[{"@type":"ListItem","position":1,"name":"Home","item":"https:\/\/classltd.com\/"},{"@type":"ListItem","position":2,"name":"External Links"}]},{"@type":"WebSite","@id":"https:\/\/www.classltd.com\/#website","url":"https:\/\/www.classltd.com\/","name":"Classe Instrumentation Ltd","description":"","publisher":{"@id":"https:\/\/www.classltd.com\/#organization"},"potentialAction":[{"@type":"SearchAction","target":{"@type":"EntryPoint","urlTemplate":"https:\/\/www.classltd.com\/?s={search_term_string}"},"query-input":{"@type":"PropertyValueSpecification","valueRequired":true,"valueName":"search_term_string"}}],"inLanguage":"fr-FR"},{"@type":"Organization","@id":"https:\/\/www.classltd.com\/#organization","name":"Classe Instrumentation Ltd","url":"https:\/\/www.classltd.com\/","logo":{"@type":"ImageObject","inLanguage":"fr-FR","@id":"https:\/\/www.classltd.com\/#\/schema\/logo\/image\/","url":"https:\/\/www.classltd.com\/wp-content\/uploads\/2024\/01\/class_logo_main2.png","contentUrl":"https:\/\/www.classltd.com\/wp-content\/uploads\/2024\/01\/class_logo_main2.png","width":632,"height":54,"caption":"Class Instrumentation Ltd"},"image":{"@id":"https:\/\/www.classltd.com\/#\/schema\/logo\/image\/"},"sameAs":["https:\/\/www.facebook.com\/ClassInstrumentation","https:\/\/x.com\/classltd","https:\/\/www.youtube.com\/user\/ClassInstrumentation"]}]}},"_links":{"self":[{"href":"https:\/\/classltd.com\/fr\/wp-json\/wp\/v2\/pages\/3457","targetHints":{"allow":["GET"]}}],"collection":[{"href":"https:\/\/classltd.com\/fr\/wp-json\/wp\/v2\/pages"}],"about":[{"href":"https:\/\/classltd.com\/fr\/wp-json\/wp\/v2\/types\/page"}],"author":[{"embeddable":true,"href":"https:\/\/classltd.com\/fr\/wp-json\/wp\/v2\/users\/1"}],"replies":[{"embeddable":true,"href":"https:\/\/classltd.com\/fr\/wp-json\/wp\/v2\/comments?post=3457"}],"version-history":[{"count":0,"href":"https:\/\/classltd.com\/fr\/wp-json\/wp\/v2\/pages\/3457\/revisions"}],"wp:attachment":[{"href":"https:\/\/classltd.com\/fr\/wp-json\/wp\/v2\/media?parent=3457"}],"curies":[{"name":"wp","href":"https:\/\/api.w.org\/{rel}","templated":true}]}}