{"id":5191,"date":"2022-04-21T22:38:01","date_gmt":"2022-04-21T22:38:01","guid":{"rendered":"https:\/\/www.classltd.com\/?page_id=5191"},"modified":"2022-05-30T17:11:36","modified_gmt":"2022-05-30T17:11:36","slug":"table-de-vitesse-du-son","status":"publish","type":"page","link":"https:\/\/classltd.com\/fr\/sound-velocity-table\/","title":{"rendered":"Tableau de vitesse du son"},"content":{"rendered":"<div class=\"fusion-fullwidth fullwidth-box fusion-builder-row-1 fusion-flex-container nonhundred-percent-fullwidth non-hundred-percent-height-scrolling\" style=\"--awb-border-radius-top-left:0px;--awb-border-radius-top-right:0px;--awb-border-radius-bottom-right:0px;--awb-border-radius-bottom-left:0px;--awb-padding-top:100px;--awb-padding-bottom:100px;--awb-padding-top-medium:75px;--awb-padding-bottom-medium:75px;--awb-padding-top-small:50px;--awb-padding-bottom-small:50px;--awb-flex-wrap:wrap;\" ><div class=\"fusion-builder-row fusion-row fusion-flex-align-items-flex-start fusion-flex-content-wrap\" style=\"max-width:1248px;margin-left: calc(-4% \/ 2 );margin-right: calc(-4% \/ 2 );\"><div class=\"fusion-layout-column fusion_builder_column fusion-builder-column-0 fusion_builder_column_1_1 1_1 fusion-flex-column\" style=\"--awb-bg-size:cover;--awb-border-color:#e4e4e4;--awb-border-style:solid;--awb-width-large:100%;--awb-margin-top-large:0px;--awb-spacing-right-large:1.92%;--awb-margin-bottom-large:20px;--awb-spacing-left-large:1.92%;--awb-width-medium:100%;--awb-order-medium:0;--awb-spacing-right-medium:1.92%;--awb-spacing-left-medium:1.92%;--awb-width-small:100%;--awb-order-small:0;--awb-spacing-right-small:1.92%;--awb-spacing-left-small:1.92%;\"><div class=\"fusion-column-wrapper fusion-column-has-shadow fusion-flex-justify-content-flex-start fusion-content-layout-column\"><div class=\"fusion-title title fusion-title-1 fusion-sep-none fusion-title-text fusion-title-size-one main-title\" style=\"--awb-margin-top:00px;--awb-margin-top-small:00px;--awb-margin-right-small:0px;--awb-margin-bottom-small:15px;--awb-margin-left-small:0px;--awb-margin-top-medium:00px;--awb-margin-bottom-medium:15px;\"><h1 class=\"fusion-title-heading title-heading-left\" style=\"margin:0;\"><h1>Tableau de vitesse du son<\/h1><\/h1><\/div><div class=\"fusion-separator custome-sep\" style=\"align-self: flex-start;margin-right:auto;margin-top:0px;margin-bottom:30px;width:100%;max-width:120px;\"><div class=\"fusion-separator-border sep-single sep-solid\" style=\"--awb-height:20px;--awb-amount:20px;--awb-sep-color:#fc6a20;border-color:#fc6a20;border-top-width:4px;\"><\/div><\/div><div class=\"fusion-text fusion-text-1\"><p>Une table de vitesse du son est une liste de la vitesse du son dans divers mat\u00e9riaux. Ces informations sont n\u00e9cessaires lors de l&#039;utilisation de notre\u00a0<strong><a href=\"https:\/\/classltd.com\/fr\/jauge-depaisseur-a-ultrasons-touchstone-1\/\">Jauge d&#039;\u00e9paisseur \u00e0 ultrasons Touchstone 1<\/a><\/strong>, car la vitesse \u00e0 laquelle les ultrasons se d\u00e9placeront \u00e0 travers le mat\u00e9riau en question doit \u00eatre programm\u00e9e dans la jauge pour obtenir une lecture pr\u00e9cise de l&#039;\u00e9paisseur.<\/p>\n<p>Toutes les vitesses dans ce tableau de vitesse du son sont des approximations\u00a0:<\/p>\n<\/div><div class=\"fusion-section-separator section-separator triangle fusion-section-separator-1\" style=\"--awb-border-top:2px solid #e2e2e2;--awb-spacer-height:2px;--awb-svg-margin-left:1.92%;--awb-svg-margin-right:1.92%;--awb-svg-margin-left-medium:1.92%;--awb-svg-margin-right-medium:1.92%;--awb-svg-margin-left-small:1.92%;--awb-svg-margin-right-small:1.92%;--awb-icon-color:#ffffff;--awb-icon-top:-12px;--awb-margin-top:50px;--awb-margin-bottom:50px;\"><div class=\"fusion-section-separator-svg\"><div class=\"divider-candy-arrow top\" style=\"bottom:2px;border-bottom-color: #f9f9fb;\"><\/div><div class=\"divider-candy top\" style=\"top:-22px;border-bottom:1px solid #e2e2e2;border-left:1px solid #e2e2e2;\"><\/div><\/div><div class=\"fusion-section-separator-spacer\"><div class=\"fusion-section-separator-spacer-height\"><\/div><\/div><\/div><div class=\"fusion-text fusion-text-2\" style=\"--awb-content-alignment:center;\"><table style=\"height: 1253px;\" width=\"1089\">\n<tbody>\n<tr>\n<td width=\"33%\"><b>Mat\u00e9riel<\/b><\/td>\n<td><b>Vitesse du son pouce\/\u00b5seconde<\/b><\/td>\n<td width=\"33%\"><b>M\u00e8tres\/seconde<\/b><\/td>\n<\/tr>\n<tr>\n<td>Air<\/td>\n<td>0.013<\/td>\n<td>330<\/td>\n<\/tr>\n<tr>\n<td>Aluminium<\/td>\n<td>0.250<\/td>\n<td>6300<\/td>\n<\/tr>\n<tr>\n<td>Oxyde d&#039;alumine<\/td>\n<td>0.390<\/td>\n<td>9900<\/td>\n<\/tr>\n<tr>\n<td>B\u00e9ryllium<\/td>\n<td>0.510<\/td>\n<td>12900<\/td>\n<\/tr>\n<tr>\n<td>Carbure de bore<\/td>\n<td>0.430<\/td>\n<td>11000<\/td>\n<\/tr>\n<tr>\n<td>Laiton<\/td>\n<td>0.170<\/td>\n<td>4300<\/td>\n<\/tr>\n<tr>\n<td>Cadmium<\/td>\n<td>0.110<\/td>\n<td>2800<\/td>\n<\/tr>\n<tr>\n<td>Cuivre<\/td>\n<td>0.180<\/td>\n<td>4700<\/td>\n<\/tr>\n<tr>\n<td>Verre (couronne)<\/td>\n<td>0.210<\/td>\n<td>5300<\/td>\n<\/tr>\n<tr>\n<td>Glyc\u00e9rine<\/td>\n<td>0.075<\/td>\n<td>1900<\/td>\n<\/tr>\n<tr>\n<td>Or<\/td>\n<td>0.130<\/td>\n<td>3200<\/td>\n<\/tr>\n<tr>\n<td>Glace<\/td>\n<td>0.160<\/td>\n<td>4000<\/td>\n<\/tr>\n<tr>\n<td>Inconel<\/td>\n<td>0.220<\/td>\n<td>5700<\/td>\n<\/tr>\n<tr>\n<td>Le fer<\/td>\n<td>0.230<\/td>\n<td>5900<\/td>\n<\/tr>\n<tr>\n<td>Fer (fonte)<\/td>\n<td>0.180<\/td>\n<td>4600<\/td>\n<\/tr>\n<tr>\n<td>Conduire<\/td>\n<td>0.085<\/td>\n<td>2200<\/td>\n<\/tr>\n<tr>\n<td>Magn\u00e9sium<\/td>\n<td>0.230<\/td>\n<td>5800<\/td>\n<\/tr>\n<tr>\n<td>Mercure<\/td>\n<td>0.057<\/td>\n<td>1400<\/td>\n<\/tr>\n<tr>\n<td>Molybd\u00e8ne<\/td>\n<td>0.250<\/td>\n<td>6300<\/td>\n<\/tr>\n<tr>\n<td>Monel<\/td>\n<td>0.210<\/td>\n<td>5400<\/td>\n<\/tr>\n<tr>\n<td>N\u00e9opr\u00e8ne<\/td>\n<td>0.063<\/td>\n<td>1600<\/td>\n<\/tr>\n<tr>\n<td>Nickel<\/td>\n<td>0.220<\/td>\n<td>5600<\/td>\n<\/tr>\n<tr>\n<td>Nylon, 6,6<\/td>\n<td>0.100<\/td>\n<td>2600<\/td>\n<\/tr>\n<tr>\n<td>Huile (SAE 30)<\/td>\n<td>0.067<\/td>\n<td>1700<\/td>\n<\/tr>\n<tr>\n<td>Platine<\/td>\n<td>0.130<\/td>\n<td>3300<\/td>\n<\/tr>\n<tr>\n<td>Plexiglas<\/td>\n<td>0.110<\/td>\n<td>1700<\/td>\n<\/tr>\n<tr>\n<td>Poly\u00e9thyl\u00e8ne<\/td>\n<td>0.070<\/td>\n<td>1900<\/td>\n<\/tr>\n<tr>\n<td>Polystyr\u00e8ne<\/td>\n<td>0.0930<\/td>\n<td>2400<\/td>\n<\/tr>\n<tr>\n<td>Polyur\u00e9thane<\/td>\n<td>0.0700<\/td>\n<td>1900<\/td>\n<\/tr>\n<tr>\n<td>Quartz<\/td>\n<td>0.230<\/td>\n<td>5800<\/td>\n<\/tr>\n<tr>\n<td>Caoutchouc, Butyle<\/td>\n<td>0.070<\/td>\n<td>1800<\/td>\n<\/tr>\n<tr>\n<td>Argent<\/td>\n<td>0.140<\/td>\n<td>3600<\/td>\n<\/tr>\n<tr>\n<td>Acier, doux<\/td>\n<td>0.230<\/td>\n<td>5920<\/td>\n<\/tr>\n<tr>\n<td>Acier inoxydable<\/td>\n<td>0.230<\/td>\n<td>5800<\/td>\n<\/tr>\n<tr>\n<td>T\u00e9flon<\/td>\n<td>0.060<\/td>\n<td>1400<\/td>\n<\/tr>\n<tr>\n<td>\u00c9tain<\/td>\n<td>0.130<\/td>\n<td>3300<\/td>\n<\/tr>\n<tr>\n<td>Titane<\/td>\n<td>0.240<\/td>\n<td>6100<\/td>\n<\/tr>\n<tr>\n<td>Tungst\u00e8ne<\/td>\n<td>0.200<\/td>\n<td>5200<\/td>\n<\/tr>\n<tr>\n<td>Uranium<\/td>\n<td>0.130<\/td>\n<td>3400<\/td>\n<\/tr>\n<tr>\n<td>Eau<\/td>\n<td>0.0584<\/td>\n<td>1480<\/td>\n<\/tr>\n<tr>\n<td>Zinc<\/td>\n<td>0.170<\/td>\n<td>4200<\/td>\n<\/tr>\n<\/tbody>\n<\/table>\n<\/div><\/div><\/div><\/div><\/div>","protected":false},"excerpt":{"rendered":"","protected":false},"author":1,"featured_media":0,"parent":0,"menu_order":0,"comment_status":"closed","ping_status":"closed","template":"100-width.php","meta":{"footnotes":""},"class_list":["post-5191","page","type-page","status-publish","hentry"],"yoast_head":"<!-- This site is optimized with the Yoast SEO plugin v27.4 - https:\/\/yoast.com\/product\/yoast-seo-wordpress\/ -->\r\n<title>Sound Velocity Table | Ultrasonic Reference Data<\/title>\r\n<meta name=\"description\" content=\"Reference table of sound velocity values in metals, plastics and liquids for ultrasonic thickness and level measurement. By Class Instrumentation.\" \/>\r\n<meta name=\"robots\" content=\"index, follow, max-snippet:-1, max-image-preview:large, max-video-preview:-1\" \/>\r\n<link rel=\"canonical\" href=\"https:\/\/classltd.com\/fr\/table-de-vitesse-du-son\/\" \/>\r\n<meta property=\"og:locale\" content=\"fr_FR\" \/>\r\n<meta property=\"og:type\" content=\"article\" \/>\r\n<meta property=\"og:title\" content=\"Sound Velocity Table | Ultrasonic Reference Data\" \/>\r\n<meta property=\"og:description\" content=\"Reference table of sound velocity values in metals, plastics and liquids for ultrasonic thickness and level measurement. By Class Instrumentation.\" \/>\r\n<meta property=\"og:url\" content=\"https:\/\/classltd.com\/fr\/table-de-vitesse-du-son\/\" \/>\r\n<meta property=\"og:site_name\" content=\"Class Instrumentation Ltd\" \/>\r\n<meta property=\"article:publisher\" content=\"https:\/\/www.facebook.com\/ClassInstrumentation\" \/>\r\n<meta property=\"article:modified_time\" content=\"2022-05-30T17:11:36+00:00\" \/>\r\n<meta name=\"twitter:card\" content=\"summary_large_image\" \/>\r\n<meta name=\"twitter:site\" content=\"@classltd\" \/>\r\n<meta name=\"twitter:label1\" content=\"Dur\u00e9e de lecture estim\u00e9e\" \/>\n\t<meta name=\"twitter:data1\" content=\"3 minutes\" \/>\r\n<!-- \/ Yoast SEO plugin. -->","yoast_head_json":{"title":"Sound Velocity Table | Ultrasonic Reference Data","description":"Reference table of sound velocity values in metals, plastics and liquids for ultrasonic thickness and level measurement. By Class Instrumentation.","robots":{"index":"index","follow":"follow","max-snippet":"max-snippet:-1","max-image-preview":"max-image-preview:large","max-video-preview":"max-video-preview:-1"},"canonical":"https:\/\/classltd.com\/fr\/table-de-vitesse-du-son\/","og_locale":"fr_FR","og_type":"article","og_title":"Sound Velocity Table | Ultrasonic Reference Data","og_description":"Reference table of sound velocity values in metals, plastics and liquids for ultrasonic thickness and level measurement. By Class Instrumentation.","og_url":"https:\/\/classltd.com\/fr\/table-de-vitesse-du-son\/","og_site_name":"Class Instrumentation Ltd","article_publisher":"https:\/\/www.facebook.com\/ClassInstrumentation","article_modified_time":"2022-05-30T17:11:36+00:00","twitter_card":"summary_large_image","twitter_site":"@classltd","twitter_misc":{"Dur\u00e9e de lecture estim\u00e9e":"3 minutes"},"schema":{"@context":"https:\/\/schema.org","@graph":[{"@type":"WebPage","@id":"https:\/\/classltd.com\/sound-velocity-table\/","url":"https:\/\/classltd.com\/sound-velocity-table\/","name":"Sound Velocity Table | Ultrasonic Reference Data","isPartOf":{"@id":"https:\/\/www.classltd.com\/#website"},"datePublished":"2022-04-21T22:38:01+00:00","dateModified":"2022-05-30T17:11:36+00:00","description":"Reference table of sound velocity values in metals, plastics and liquids for ultrasonic thickness and level measurement. By Class Instrumentation.","breadcrumb":{"@id":"https:\/\/classltd.com\/sound-velocity-table\/#breadcrumb"},"inLanguage":"fr-FR","potentialAction":[{"@type":"ReadAction","target":["https:\/\/classltd.com\/sound-velocity-table\/"]}]},{"@type":"BreadcrumbList","@id":"https:\/\/classltd.com\/sound-velocity-table\/#breadcrumb","itemListElement":[{"@type":"ListItem","position":1,"name":"Home","item":"https:\/\/classltd.com\/"},{"@type":"ListItem","position":2,"name":"Sound Velocity Table"}]},{"@type":"WebSite","@id":"https:\/\/www.classltd.com\/#website","url":"https:\/\/www.classltd.com\/","name":"Classe Instrumentation Ltd","description":"","publisher":{"@id":"https:\/\/www.classltd.com\/#organization"},"potentialAction":[{"@type":"SearchAction","target":{"@type":"EntryPoint","urlTemplate":"https:\/\/www.classltd.com\/?s={search_term_string}"},"query-input":{"@type":"PropertyValueSpecification","valueRequired":true,"valueName":"search_term_string"}}],"inLanguage":"fr-FR"},{"@type":"Organization","@id":"https:\/\/www.classltd.com\/#organization","name":"Classe Instrumentation Ltd","url":"https:\/\/www.classltd.com\/","logo":{"@type":"ImageObject","inLanguage":"fr-FR","@id":"https:\/\/www.classltd.com\/#\/schema\/logo\/image\/","url":"https:\/\/www.classltd.com\/wp-content\/uploads\/2024\/01\/class_logo_main2.png","contentUrl":"https:\/\/www.classltd.com\/wp-content\/uploads\/2024\/01\/class_logo_main2.png","width":632,"height":54,"caption":"Class Instrumentation Ltd"},"image":{"@id":"https:\/\/www.classltd.com\/#\/schema\/logo\/image\/"},"sameAs":["https:\/\/www.facebook.com\/ClassInstrumentation","https:\/\/x.com\/classltd","https:\/\/www.youtube.com\/user\/ClassInstrumentation"]}]}},"_links":{"self":[{"href":"https:\/\/classltd.com\/fr\/wp-json\/wp\/v2\/pages\/5191","targetHints":{"allow":["GET"]}}],"collection":[{"href":"https:\/\/classltd.com\/fr\/wp-json\/wp\/v2\/pages"}],"about":[{"href":"https:\/\/classltd.com\/fr\/wp-json\/wp\/v2\/types\/page"}],"author":[{"embeddable":true,"href":"https:\/\/classltd.com\/fr\/wp-json\/wp\/v2\/users\/1"}],"replies":[{"embeddable":true,"href":"https:\/\/classltd.com\/fr\/wp-json\/wp\/v2\/comments?post=5191"}],"version-history":[{"count":0,"href":"https:\/\/classltd.com\/fr\/wp-json\/wp\/v2\/pages\/5191\/revisions"}],"wp:attachment":[{"href":"https:\/\/classltd.com\/fr\/wp-json\/wp\/v2\/media?parent=5191"}],"curies":[{"name":"wp","href":"https:\/\/api.w.org\/{rel}","templated":true}]}}